{"id":3842,"date":"2024-10-21T20:31:15","date_gmt":"2024-10-21T17:31:15","guid":{"rendered":"https:\/\/faberpet.ro\/stage\/produs\/seringa-de-administrare-pastile-si-capsule-pt-caini-si-pisici\/"},"modified":"2025-08-01T10:05:12","modified_gmt":"2025-08-01T08:05:12","slug":"seringa-de-administrare-pastile-si-capsule-pt-caini-si-pisici","status":"publish","type":"product","link":"https:\/\/faberpet.ro\/stage\/produs\/seringa-de-administrare-pastile-si-capsule-pt-caini-si-pisici\/","title":{"rendered":"Seringa de administrare lichide pt animale 20ml"},"content":{"rendered":"<p>&nbsp;<\/p>\n<ul>\n<li style=\"list-style-type: none\">\n<ul>\n<li>Seringa administrare lichide pentru c\u00e2ini, pisici si alte animale de companie.<\/li>\n<li>Corpul confec\u021bionat din plastic.<\/li>\n<li>Poate fi reutilizat\u0103 dup\u0103 cur\u0103\u021bare.<\/li>\n<li>Lungime 15 cm.<\/li>\n<li>Densitate 20 ml.<\/li>\n<\/ul>\n<\/li>\n<\/ul>\n","protected":false},"excerpt":{"rendered":"<p>&nbsp; Seringa administrare lichide pentru c\u00e2ini, pisici si alte animale de companie. Corpul confec\u021bionat din plastic. Poate fi reutilizat\u0103 dup\u0103 cur\u0103\u021bare. Lungime 15 cm. Densitate 20 ml.<\/p>\n","protected":false},"featured_media":11483,"template":"","meta":[],"product_brand":[],"product_cat":[597,625,168,171],"product_tag":[623,624,622],"class_list":{"0":"post-3842","1":"product","2":"type-product","3":"status-publish","4":"has-post-thumbnail","6":"product_cat-accesorii","7":"product_cat-accesorii-pisici","8":"product_cat-caini","9":"product_cat-pisici","10":"product_tag-ingrijire-caini","11":"product_tag-ingrijire-pisici","12":"product_tag-seringa-administrare","14":"first","15":"instock","16":"shipping-taxable","17":"purchasable","18":"product-type-simple"},"_links":{"self":[{"href":"https:\/\/faberpet.ro\/stage\/wp-json\/wp\/v2\/product\/3842","targetHints":{"allow":["GET"]}}],"collection":[{"href":"https:\/\/faberpet.ro\/stage\/wp-json\/wp\/v2\/product"}],"about":[{"href":"https:\/\/faberpet.ro\/stage\/wp-json\/wp\/v2\/types\/product"}],"wp:featuredmedia":[{"embeddable":true,"href":"https:\/\/faberpet.ro\/stage\/wp-json\/wp\/v2\/media\/11483"}],"wp:attachment":[{"href":"https:\/\/faberpet.ro\/stage\/wp-json\/wp\/v2\/media?parent=3842"}],"wp:term":[{"taxonomy":"product_brand","embeddable":true,"href":"https:\/\/faberpet.ro\/stage\/wp-json\/wp\/v2\/product_brand?post=3842"},{"taxonomy":"product_cat","embeddable":true,"href":"https:\/\/faberpet.ro\/stage\/wp-json\/wp\/v2\/product_cat?post=3842"},{"taxonomy":"product_tag","embeddable":true,"href":"https:\/\/faberpet.ro\/stage\/wp-json\/wp\/v2\/product_tag?post=3842"}],"curies":[{"name":"wp","href":"https:\/\/api.w.org\/{rel}","templated":true}]}}