{"id":3843,"date":"2024-10-21T20:31:15","date_gmt":"2024-10-21T17:31:15","guid":{"rendered":"https:\/\/faberpet.ro\/stage\/produs\/seringa-de-hranire-pt-animale-de-companie-nunbell-20-ml\/"},"modified":"2025-08-01T10:05:26","modified_gmt":"2025-08-01T08:05:26","slug":"seringa-de-hranire-pt-animale-de-companie-nunbell-20-ml","status":"publish","type":"product","link":"https:\/\/faberpet.ro\/stage\/produs\/seringa-de-hranire-pt-animale-de-companie-nunbell-20-ml\/","title":{"rendered":"Seringa de hranire pt animale de companie Nunbell"},"content":{"rendered":"<p>Hr\u0103nitor pentru animale<\/p>\n<ul>\n<li>Seringa de hranire pentru c\u00e2ini, pisici si alte animale de companie.<\/li>\n<li>Corpul confec\u021bionat din plastic.<\/li>\n<li>Poate fi reutilizat\u0103 dup\u0103 cur\u0103\u021bare.<\/li>\n<li>Lungime 15 cm.<\/li>\n<\/ul>\n","protected":false},"excerpt":{"rendered":"<p>Hr\u0103nitor pentru animale Seringa de hranire pentru c\u00e2ini, pisici si alte animale de companie. Corpul confec\u021bionat din plastic. Poate fi reutilizat\u0103 dup\u0103 cur\u0103\u021bare. Lungime 15 cm.<\/p>\n","protected":false},"featured_media":11484,"template":"","meta":[],"product_brand":[],"product_cat":[597,625,2694,166,168,174,171,628],"product_tag":[627,623,626],"class_list":{"0":"post-3843","1":"product","2":"type-product","3":"status-publish","4":"has-post-thumbnail","6":"product_cat-accesorii","7":"product_cat-accesorii-pisici","8":"product_cat-alte-animale","9":"product_cat-animale-ferma","10":"product_cat-caini","11":"product_cat-pasari","12":"product_cat-pisici","13":"product_cat-porumbei","14":"product_tag-hranitor-animale","15":"product_tag-ingrijire-caini","16":"product_tag-seringa-de-hranire","18":"first","19":"instock","20":"shipping-taxable","21":"purchasable","22":"product-type-simple"},"_links":{"self":[{"href":"https:\/\/faberpet.ro\/stage\/wp-json\/wp\/v2\/product\/3843","targetHints":{"allow":["GET"]}}],"collection":[{"href":"https:\/\/faberpet.ro\/stage\/wp-json\/wp\/v2\/product"}],"about":[{"href":"https:\/\/faberpet.ro\/stage\/wp-json\/wp\/v2\/types\/product"}],"wp:featuredmedia":[{"embeddable":true,"href":"https:\/\/faberpet.ro\/stage\/wp-json\/wp\/v2\/media\/11484"}],"wp:attachment":[{"href":"https:\/\/faberpet.ro\/stage\/wp-json\/wp\/v2\/media?parent=3843"}],"wp:term":[{"taxonomy":"product_brand","embeddable":true,"href":"https:\/\/faberpet.ro\/stage\/wp-json\/wp\/v2\/product_brand?post=3843"},{"taxonomy":"product_cat","embeddable":true,"href":"https:\/\/faberpet.ro\/stage\/wp-json\/wp\/v2\/product_cat?post=3843"},{"taxonomy":"product_tag","embeddable":true,"href":"https:\/\/faberpet.ro\/stage\/wp-json\/wp\/v2\/product_tag?post=3843"}],"curies":[{"name":"wp","href":"https:\/\/api.w.org\/{rel}","templated":true}]}}