{"id":3847,"date":"2024-10-21T20:31:16","date_gmt":"2024-10-21T17:31:16","guid":{"rendered":"https:\/\/faberpet.ro\/stage\/produs\/guler-de-protectie-pentru-caini-si-pisici-12-5-cm-size3\/"},"modified":"2025-08-01T10:06:18","modified_gmt":"2025-08-01T08:06:18","slug":"guler-de-protectie-pentru-caini-si-pisici-12-5-cm-size3","status":"publish","type":"product","link":"https:\/\/faberpet.ro\/stage\/produs\/guler-de-protectie-pentru-caini-si-pisici-12-5-cm-size3\/","title":{"rendered":"Guler de protectie pentru caini si pisici 12.5 cm Size#3"},"content":{"rendered":"<p>Guler de protec\u021bie pentru c\u00e2ini \u0219i pisici din polipropilen\u0103 de \u00eenalt\u0103 calitate, pentru protejarea r\u0103nilor \u0219i dup\u0103 opera\u021bii. Folosirea gulerului la c\u0103ini \u0219i pisici este aproape de fiecare dat\u0103 obligatorie dup\u0103 opera\u021bii, pentru c\u0103 animalele au instinctul natural de a linge r\u0103nile. Elastic \u0219i rezistent \u00een toate condi\u021biile. Sistem de \u00eenchidere clasic &#8211; tip arici. Fiecare m\u0103rime ofer\u0103 posibilit\u0103\u021bi diferite de ajustare a dimensiunilor. Dimensiuni: Lungime 12. 5 cm, Deschidere 17- 20 cm, G\u00e2t 7- 8. 5 cm<\/p>\n","protected":false},"excerpt":{"rendered":"<p>Guler de protec\u021bie pentru c\u00e2ini \u0219i pisici din polipropilen\u0103 de \u00eenalt\u0103 calitate, pentru protejarea r\u0103nilor \u0219i dup\u0103 opera\u021bii. Folosirea gulerului la c\u0103ini \u0219i pisici este aproape de fiecare dat\u0103 obligatorie dup\u0103 opera\u021bii, pentru c\u0103 animalele au instinctul natural de a linge r\u0103nile. Elastic \u0219i rezistent \u00een toate condi\u021biile. Sistem de \u00eenchidere clasic &#8211; tip arici. [&hellip;]<\/p>\n","protected":false},"featured_media":8795,"template":"","meta":[],"product_brand":[],"product_cat":[625,597,168,171],"product_tag":[629,631,632],"class_list":{"0":"post-3847","1":"product","2":"type-product","3":"status-publish","4":"has-post-thumbnail","6":"product_cat-accesorii-pisici","7":"product_cat-accesorii","8":"product_cat-caini","9":"product_cat-pisici","10":"product_tag-guler-protectie","11":"product_tag-guler-protectie-caini","12":"product_tag-guler-protector","14":"first","15":"instock","16":"shipping-taxable","17":"purchasable","18":"product-type-simple"},"_links":{"self":[{"href":"https:\/\/faberpet.ro\/stage\/wp-json\/wp\/v2\/product\/3847","targetHints":{"allow":["GET"]}}],"collection":[{"href":"https:\/\/faberpet.ro\/stage\/wp-json\/wp\/v2\/product"}],"about":[{"href":"https:\/\/faberpet.ro\/stage\/wp-json\/wp\/v2\/types\/product"}],"wp:featuredmedia":[{"embeddable":true,"href":"https:\/\/faberpet.ro\/stage\/wp-json\/wp\/v2\/media\/8795"}],"wp:attachment":[{"href":"https:\/\/faberpet.ro\/stage\/wp-json\/wp\/v2\/media?parent=3847"}],"wp:term":[{"taxonomy":"product_brand","embeddable":true,"href":"https:\/\/faberpet.ro\/stage\/wp-json\/wp\/v2\/product_brand?post=3847"},{"taxonomy":"product_cat","embeddable":true,"href":"https:\/\/faberpet.ro\/stage\/wp-json\/wp\/v2\/product_cat?post=3847"},{"taxonomy":"product_tag","embeddable":true,"href":"https:\/\/faberpet.ro\/stage\/wp-json\/wp\/v2\/product_tag?post=3847"}],"curies":[{"name":"wp","href":"https:\/\/api.w.org\/{rel}","templated":true}]}}