{"id":3857,"date":"2024-10-21T20:31:17","date_gmt":"2024-10-21T17:31:17","guid":{"rendered":"https:\/\/faberpet.ro\/stage\/produs\/chiloti-speciali-pentru-cainele-in-calduri-xl-60-70-cm\/"},"modified":"2025-08-01T10:08:06","modified_gmt":"2025-08-01T08:08:06","slug":"chiloti-speciali-pentru-cainele-in-calduri-xl-60-70-cm","status":"publish","type":"product","link":"https:\/\/faberpet.ro\/stage\/produs\/chiloti-speciali-pentru-cainele-in-calduri-xl-60-70-cm\/","title":{"rendered":"Chiloti speciali pentru cainele in calduri XL 60-70 cm"},"content":{"rendered":"<p>Accesoriu recomandat pentru femelele \u00een c\u0103lduri. Contribuie la men\u021binerea igienei spa\u021biului unde este g\u0103zduit\u0103 femela. \u00cen acela\u0219i timp, protejeaz\u0103 c\u0103\u021beaua prin prevenirea apari\u021biei unor posibile infec\u021bii ale tractului genital, mai predispus \u00een aceast\u0103 perioad\u0103. Are \u0219i un rol contraceptiv \u00eempiedic\u00e2nd apari\u021bia unei sarcini nedorite. Pachetul con\u021bine 3 tampoane de schimb. M\u0103rime: XL &#8211; 60- 70 cm Special pentru Rottweiler, dar nu numai!<\/p>\n","protected":false},"excerpt":{"rendered":"<p>Accesoriu recomandat pentru femelele \u00een c\u0103lduri. Contribuie la men\u021binerea igienei spa\u021biului unde este g\u0103zduit\u0103 femela. \u00cen acela\u0219i timp, protejeaz\u0103 c\u0103\u021beaua prin prevenirea apari\u021biei unor posibile infec\u021bii ale tractului genital, mai predispus \u00een aceast\u0103 perioad\u0103. Are \u0219i un rol contraceptiv \u00eempiedic\u00e2nd apari\u021bia unei sarcini nedorite. Pachetul con\u021bine 3 tampoane de schimb. M\u0103rime: XL &#8211; 60- 70 [&hellip;]<\/p>\n","protected":false},"featured_media":8813,"template":"","meta":[],"product_brand":[],"product_cat":[597,168,641],"product_tag":[630,640,639],"class_list":{"0":"post-3857","1":"product","2":"type-product","3":"status-publish","4":"has-post-thumbnail","6":"product_cat-accesorii","7":"product_cat-caini","8":"product_cat-scutece","9":"product_tag-accesorii-caini","10":"product_tag-calduri-caini","11":"product_tag-chiloti-calduri","13":"first","14":"instock","15":"shipping-taxable","16":"purchasable","17":"product-type-simple"},"_links":{"self":[{"href":"https:\/\/faberpet.ro\/stage\/wp-json\/wp\/v2\/product\/3857","targetHints":{"allow":["GET"]}}],"collection":[{"href":"https:\/\/faberpet.ro\/stage\/wp-json\/wp\/v2\/product"}],"about":[{"href":"https:\/\/faberpet.ro\/stage\/wp-json\/wp\/v2\/types\/product"}],"wp:featuredmedia":[{"embeddable":true,"href":"https:\/\/faberpet.ro\/stage\/wp-json\/wp\/v2\/media\/8813"}],"wp:attachment":[{"href":"https:\/\/faberpet.ro\/stage\/wp-json\/wp\/v2\/media?parent=3857"}],"wp:term":[{"taxonomy":"product_brand","embeddable":true,"href":"https:\/\/faberpet.ro\/stage\/wp-json\/wp\/v2\/product_brand?post=3857"},{"taxonomy":"product_cat","embeddable":true,"href":"https:\/\/faberpet.ro\/stage\/wp-json\/wp\/v2\/product_cat?post=3857"},{"taxonomy":"product_tag","embeddable":true,"href":"https:\/\/faberpet.ro\/stage\/wp-json\/wp\/v2\/product_tag?post=3857"}],"curies":[{"name":"wp","href":"https:\/\/api.w.org\/{rel}","templated":true}]}}