{"id":3859,"date":"2024-10-21T20:31:17","date_gmt":"2024-10-21T17:31:17","guid":{"rendered":"https:\/\/faberpet.ro\/stage\/produs\/litiera-mare-cu-lopatica-pentru-pisici-47x39x14-cm\/"},"modified":"2026-01-29T10:02:22","modified_gmt":"2026-01-29T08:02:22","slug":"litiera-mare-cu-lopatica-pentru-pisici-47x39x14-cm","status":"publish","type":"product","link":"https:\/\/faberpet.ro\/stage\/produs\/litiera-mare-cu-lopatica-pentru-pisici-47x39x14-cm\/","title":{"rendered":"Litiera mare cu lopatica pentru pisici 47x39x19 cm"},"content":{"rendered":"<p>Litiera reprezint\u0103 un accesoriu pentru pisici, deosebit de important pentru igiena \u0219i \u00eengrijirea acestora. Ideal\u0103 pentru pisici de rase mici, familii de pisici sau pisoia\u0219i. Intrarea joas\u0103 faciliteaz\u0103 accesul, astfel este potrivit\u0103 pentru pisoia\u0219i, pisici b\u0103tr\u00e2ne sau bolnave. Rama alb\u0103 poate dat\u0103 jos cu u\u0219urin\u021b\u0103 pentru a cur\u0103\u021ba simplu t\u0103vi\u021ba \u0219i se poate reata\u0219a apoi. Astfel pute\u021bi p\u0103stra toaleta igienic\u0103. Material plastic.<\/p>\n<p>Dimensiunile litierei sunt: 47x39x19 cm.<\/p>\n","protected":false},"excerpt":{"rendered":"<p>Litiera reprezint\u0103 un accesoriu pentru pisici, deosebit de important pentru igiena \u0219i \u00eengrijirea acestora. Ideal\u0103 pentru pisici de rase mici, familii de pisici sau pisoia\u0219i. Intrarea joas\u0103 faciliteaz\u0103 accesul, astfel este potrivit\u0103 pentru pisoia\u0219i, pisici b\u0103tr\u00e2ne sau bolnave. Rama alb\u0103 poate dat\u0103 jos cu u\u0219urin\u021b\u0103 pentru a cur\u0103\u021ba simplu t\u0103vi\u021ba \u0219i se poate reata\u0219a apoi. [&hellip;]<\/p>\n","protected":false},"featured_media":14783,"template":"","meta":[],"product_brand":[],"product_cat":[625,644,171],"product_tag":[624,643,642],"class_list":{"0":"post-3859","1":"product","2":"type-product","3":"status-publish","4":"has-post-thumbnail","6":"product_cat-accesorii-pisici","7":"product_cat-litiere","8":"product_cat-pisici","9":"product_tag-ingrijire-pisici","10":"product_tag-litiera-pisici","11":"product_tag-litiere-pisici","13":"first","14":"instock","15":"shipping-taxable","16":"purchasable","17":"product-type-simple"},"_links":{"self":[{"href":"https:\/\/faberpet.ro\/stage\/wp-json\/wp\/v2\/product\/3859","targetHints":{"allow":["GET"]}}],"collection":[{"href":"https:\/\/faberpet.ro\/stage\/wp-json\/wp\/v2\/product"}],"about":[{"href":"https:\/\/faberpet.ro\/stage\/wp-json\/wp\/v2\/types\/product"}],"wp:featuredmedia":[{"embeddable":true,"href":"https:\/\/faberpet.ro\/stage\/wp-json\/wp\/v2\/media\/14783"}],"wp:attachment":[{"href":"https:\/\/faberpet.ro\/stage\/wp-json\/wp\/v2\/media?parent=3859"}],"wp:term":[{"taxonomy":"product_brand","embeddable":true,"href":"https:\/\/faberpet.ro\/stage\/wp-json\/wp\/v2\/product_brand?post=3859"},{"taxonomy":"product_cat","embeddable":true,"href":"https:\/\/faberpet.ro\/stage\/wp-json\/wp\/v2\/product_cat?post=3859"},{"taxonomy":"product_tag","embeddable":true,"href":"https:\/\/faberpet.ro\/stage\/wp-json\/wp\/v2\/product_tag?post=3859"}],"curies":[{"name":"wp","href":"https:\/\/api.w.org\/{rel}","templated":true}]}}