{"id":3862,"date":"2024-10-21T20:31:17","date_gmt":"2024-10-21T17:31:17","guid":{"rendered":"https:\/\/faberpet.ro\/stage\/produs\/tavita-toaleta-ptr-casa-fara-gazon-pentru-animale-55x45x3-cm\/"},"modified":"2026-01-30T09:31:10","modified_gmt":"2026-01-30T07:31:10","slug":"tavita-toaleta-ptr-casa-fara-gazon-pentru-animale-55x45x3-cm","status":"publish","type":"product","link":"https:\/\/faberpet.ro\/stage\/produs\/tavita-toaleta-ptr-casa-fara-gazon-pentru-animale-55x45x3-cm\/","title":{"rendered":"Tavita toaleta fara gazon pentru animale 55x45x3 cm"},"content":{"rendered":"<p>Perfect pentru cur\u021bi interioare (teras, balcon) \u0219i uz interior. Este conceput\u0103 pentru pui \u0219i c\u00e2ini de talie mai mic\u0103. Util \u00een \u00eenv\u0103\u021barea igienei animalelor. Ideal\u0103 pentru dresare, dar este recomandat\u0103 \u0219i pentru c\u0103\u021belu\u0219ii cu mobilitate limitat\u0103. Grila din plastic: permite scurgerea lichidului. U\u0219or de cur\u0103\u021bat. Material plastic.<\/p>\n<p>Dimensiuni: 55*45*3 cm. Culoare: alb- gri.<\/p>\n<p>Aten\u021bie: f\u0103r\u0103 iarb\u0103 artificial\u0103!<\/p>\n","protected":false},"excerpt":{"rendered":"<p>Perfect pentru cur\u021bi interioare (teras, balcon) \u0219i uz interior. Este conceput\u0103 pentru pui \u0219i c\u00e2ini de talie mai mic\u0103. Util \u00een \u00eenv\u0103\u021barea igienei animalelor. Ideal\u0103 pentru dresare, dar este recomandat\u0103 \u0219i pentru c\u0103\u021belu\u0219ii cu mobilitate limitat\u0103. Grila din plastic: permite scurgerea lichidului. U\u0219or de cur\u0103\u021bat. Material plastic. Dimensiuni: 55*45*3 cm. Culoare: alb- gri. Aten\u021bie: f\u0103r\u0103 [&hellip;]<\/p>\n","protected":false},"featured_media":8820,"template":"","meta":[],"product_brand":[],"product_cat":[625,597,168,644,171],"product_tag":[647,645,646],"class_list":{"0":"post-3862","1":"product","2":"type-product","3":"status-publish","4":"has-post-thumbnail","6":"product_cat-accesorii-pisici","7":"product_cat-accesorii","8":"product_cat-caini","9":"product_cat-litiere","10":"product_cat-pisici","11":"product_tag-litiera-caini","12":"product_tag-tavita-toaleta-caini","13":"product_tag-toaleta-animale","15":"first","16":"instock","17":"shipping-taxable","18":"purchasable","19":"product-type-simple"},"_links":{"self":[{"href":"https:\/\/faberpet.ro\/stage\/wp-json\/wp\/v2\/product\/3862","targetHints":{"allow":["GET"]}}],"collection":[{"href":"https:\/\/faberpet.ro\/stage\/wp-json\/wp\/v2\/product"}],"about":[{"href":"https:\/\/faberpet.ro\/stage\/wp-json\/wp\/v2\/types\/product"}],"wp:featuredmedia":[{"embeddable":true,"href":"https:\/\/faberpet.ro\/stage\/wp-json\/wp\/v2\/media\/8820"}],"wp:attachment":[{"href":"https:\/\/faberpet.ro\/stage\/wp-json\/wp\/v2\/media?parent=3862"}],"wp:term":[{"taxonomy":"product_brand","embeddable":true,"href":"https:\/\/faberpet.ro\/stage\/wp-json\/wp\/v2\/product_brand?post=3862"},{"taxonomy":"product_cat","embeddable":true,"href":"https:\/\/faberpet.ro\/stage\/wp-json\/wp\/v2\/product_cat?post=3862"},{"taxonomy":"product_tag","embeddable":true,"href":"https:\/\/faberpet.ro\/stage\/wp-json\/wp\/v2\/product_tag?post=3862"}],"curies":[{"name":"wp","href":"https:\/\/api.w.org\/{rel}","templated":true}]}}