{"id":3863,"date":"2024-10-21T20:31:18","date_gmt":"2024-10-21T17:31:18","guid":{"rendered":"https:\/\/faberpet.ro\/stage\/produs\/chiloti-speciali-pentru-caini-in-calduri-set-6-marimi\/"},"modified":"2025-08-01T10:09:08","modified_gmt":"2025-08-01T08:09:08","slug":"chiloti-speciali-pentru-caini-in-calduri-set-6-marimi","status":"publish","type":"product","link":"https:\/\/faberpet.ro\/stage\/produs\/chiloti-speciali-pentru-caini-in-calduri-set-6-marimi\/","title":{"rendered":"Chiloti speciali pentru caini in calduri set 6 marimi"},"content":{"rendered":"<p>Accesorii recomandate pentru femelele \u00een c\u0103lduri. Contribuie la men\u021binerea igienei spa\u021biului unde este g\u0103zduit\u0103 femela. \u00cen acela\u0219i timp, protejeaz\u0103 c\u0103\u021beaua prin prevenirea apari\u021biei unor posibile infec\u021bii ale tractului genital, mai predispus \u00een aceast\u0103 perioad\u0103. Are \u0219i un rol contraceptiv \u00eempiedic\u00e2nd apari\u021bia unei sarcini nedorite. Fiecare m\u0103rime ofer\u0103 posibilit\u0103\u021bi diferite de ajustare a dimensiunilor. M\u0103rimi disponibile \u00een set: XS, S, S- M, M, L, XL;Pentru Parteneri se vinde ambalat c\u00e2te 6 buc\/set! Pre\u021bul afi\u0219at este per set!<\/p>\n","protected":false},"excerpt":{"rendered":"<p>Accesorii recomandate pentru femelele \u00een c\u0103lduri. Contribuie la men\u021binerea igienei spa\u021biului unde este g\u0103zduit\u0103 femela. \u00cen acela\u0219i timp, protejeaz\u0103 c\u0103\u021beaua prin prevenirea apari\u021biei unor posibile infec\u021bii ale tractului genital, mai predispus \u00een aceast\u0103 perioad\u0103. Are \u0219i un rol contraceptiv \u00eempiedic\u00e2nd apari\u021bia unei sarcini nedorite. Fiecare m\u0103rime ofer\u0103 posibilit\u0103\u021bi diferite de ajustare a dimensiunilor. M\u0103rimi disponibile [&hellip;]<\/p>\n","protected":false},"featured_media":8821,"template":"","meta":[],"product_brand":[],"product_cat":[597,168,641],"product_tag":[640,639,648],"class_list":{"0":"post-3863","1":"product","2":"type-product","3":"status-publish","4":"has-post-thumbnail","6":"product_cat-accesorii","7":"product_cat-caini","8":"product_cat-scutece","9":"product_tag-calduri-caini","10":"product_tag-chiloti-calduri","11":"product_tag-chiloti-pentru-caini","13":"first","14":"instock","15":"shipping-taxable","16":"purchasable","17":"product-type-simple"},"_links":{"self":[{"href":"https:\/\/faberpet.ro\/stage\/wp-json\/wp\/v2\/product\/3863","targetHints":{"allow":["GET"]}}],"collection":[{"href":"https:\/\/faberpet.ro\/stage\/wp-json\/wp\/v2\/product"}],"about":[{"href":"https:\/\/faberpet.ro\/stage\/wp-json\/wp\/v2\/types\/product"}],"wp:featuredmedia":[{"embeddable":true,"href":"https:\/\/faberpet.ro\/stage\/wp-json\/wp\/v2\/media\/8821"}],"wp:attachment":[{"href":"https:\/\/faberpet.ro\/stage\/wp-json\/wp\/v2\/media?parent=3863"}],"wp:term":[{"taxonomy":"product_brand","embeddable":true,"href":"https:\/\/faberpet.ro\/stage\/wp-json\/wp\/v2\/product_brand?post=3863"},{"taxonomy":"product_cat","embeddable":true,"href":"https:\/\/faberpet.ro\/stage\/wp-json\/wp\/v2\/product_cat?post=3863"},{"taxonomy":"product_tag","embeddable":true,"href":"https:\/\/faberpet.ro\/stage\/wp-json\/wp\/v2\/product_tag?post=3863"}],"curies":[{"name":"wp","href":"https:\/\/api.w.org\/{rel}","templated":true}]}}