{"id":3872,"date":"2024-10-21T20:31:19","date_gmt":"2024-10-21T17:31:19","guid":{"rendered":"https:\/\/faberpet.ro\/stage\/produs\/asternut-absorbant-pentru-pisici-cu-lavanda-6-kg\/"},"modified":"2025-08-05T09:02:15","modified_gmt":"2025-08-05T07:02:15","slug":"asternut-absorbant-pentru-pisici-cu-lavanda-6-kg","status":"publish","type":"product","link":"https:\/\/faberpet.ro\/stage\/produs\/asternut-absorbant-pentru-pisici-cu-lavanda-6-kg\/","title":{"rendered":"Asternut absorbant pentru pisici cu lavanda 6 Kg"},"content":{"rendered":"<p>Mod de administrare:Se a\u0219eaz\u0103 \u00een tavi\u021b\u00e2 un strat gros de circa 4- 5 cm granule; Dup\u0103 folosirea litierei de c\u0103tre pisic\u0103, lichidul va fi absorbit, form\u00e2ndu- se bulg\u0103ri; Se arunc\u0103 bulg\u0103rii astfel forma\u021bi; Se completeaz\u0103 t\u0103vi\u021ba cu nisip \u0219i se uniformizeaz\u0103 stratul. Periodic t\u0103vi\u021ba trebuie sp\u0103lat\u0103 \u0219i dezinfectat\u0103. Se p\u0103streaz\u0103 \u00een ambalajul \u00eenchis, la temperatura camerei(18- 25C), ferit de umiditate. Con\u021binut:Con\u021bine granule active bentonice, cu proprietatea de a absorbi lichidele \u0219i mirosurile nepl\u0103cute prin formarea de bulg\u0103ri. Aglomer\u0103rile astfel formate pot fi ulterior \u00eendep\u0103rtate cu u\u0219urin\u021b\u0103. Precau\u021bii:Granulele absorbante nu se dizolv\u0103. Nu arunca\u021bi produsul \u00een toalet\u0103.<\/p>\n","protected":false},"excerpt":{"rendered":"<p>Mod de administrare:Se a\u0219eaz\u0103 \u00een tavi\u021b\u00e2 un strat gros de circa 4- 5 cm granule; Dup\u0103 folosirea litierei de c\u0103tre pisic\u0103, lichidul va fi absorbit, form\u00e2ndu- se bulg\u0103ri; Se arunc\u0103 bulg\u0103rii astfel forma\u021bi; Se completeaz\u0103 t\u0103vi\u021ba cu nisip \u0219i se uniformizeaz\u0103 stratul. Periodic t\u0103vi\u021ba trebuie sp\u0103lat\u0103 \u0219i dezinfectat\u0103. Se p\u0103streaz\u0103 \u00een ambalajul \u00eenchis, la temperatura [&hellip;]<\/p>\n","protected":false},"featured_media":8830,"template":"","meta":[],"product_brand":[],"product_cat":[172,171],"product_tag":[654,655,656],"class_list":{"0":"post-3872","1":"product","2":"type-product","3":"status-publish","4":"has-post-thumbnail","6":"product_cat-ingrijire-pisici","7":"product_cat-pisici","8":"product_tag-asternut-absorbant","9":"product_tag-asternut-cu-lavanda","10":"product_tag-asternut-pentru-pisici","12":"first","13":"instock","14":"shipping-taxable","15":"purchasable","16":"product-type-simple"},"_links":{"self":[{"href":"https:\/\/faberpet.ro\/stage\/wp-json\/wp\/v2\/product\/3872","targetHints":{"allow":["GET"]}}],"collection":[{"href":"https:\/\/faberpet.ro\/stage\/wp-json\/wp\/v2\/product"}],"about":[{"href":"https:\/\/faberpet.ro\/stage\/wp-json\/wp\/v2\/types\/product"}],"wp:featuredmedia":[{"embeddable":true,"href":"https:\/\/faberpet.ro\/stage\/wp-json\/wp\/v2\/media\/8830"}],"wp:attachment":[{"href":"https:\/\/faberpet.ro\/stage\/wp-json\/wp\/v2\/media?parent=3872"}],"wp:term":[{"taxonomy":"product_brand","embeddable":true,"href":"https:\/\/faberpet.ro\/stage\/wp-json\/wp\/v2\/product_brand?post=3872"},{"taxonomy":"product_cat","embeddable":true,"href":"https:\/\/faberpet.ro\/stage\/wp-json\/wp\/v2\/product_cat?post=3872"},{"taxonomy":"product_tag","embeddable":true,"href":"https:\/\/faberpet.ro\/stage\/wp-json\/wp\/v2\/product_tag?post=3872"}],"curies":[{"name":"wp","href":"https:\/\/api.w.org\/{rel}","templated":true}]}}