{"id":3873,"date":"2024-10-21T20:31:19","date_gmt":"2024-10-21T17:31:19","guid":{"rendered":"https:\/\/faberpet.ro\/stage\/produs\/iarba-pentru-pisici-100-gr\/"},"modified":"2026-02-09T14:35:25","modified_gmt":"2026-02-09T12:35:25","slug":"iarba-pentru-pisici-100-gr","status":"publish","type":"product","link":"https:\/\/faberpet.ro\/stage\/produs\/iarba-pentru-pisici-100-gr\/","title":{"rendered":"Iarba pentru pisici 100 gr"},"content":{"rendered":"<p>Iarba pentru pisici e un ajutor digestiv natural care contribuie la bun\u0103 func\u021bionare a sistemului digestiv \u0219i previne formarea ghemotoacelor de p\u0103r \u00een intestine. Mod de \u00eentrebuin\u021bare: scoateti capacul \u0219i uda\u021bi con\u021binutul cutiei \u00een mod repetat pentru men\u021binerea umezelii. \u00cen c\u00e2teva zile iarba va r\u0103sare, iar pisica dvs. poate consuma. Asigura\u0163i- v\u0103 c\u0103 iarba pisicii este \u00eentotdeauna udat\u0103. Expune\u0163i \u00eentr- un loc luminos, nu rece (minim 20\u00b0C). Supliment alimentar. Compozi\u021bie: semin\u0163e de gr\u00e2u \u015fi vermiculit. Cantitate net\u0103: 100 gr.<\/p>\n","protected":false},"excerpt":{"rendered":"<p>Iarba pentru pisici e un ajutor digestiv natural care contribuie la bun\u0103 func\u021bionare a sistemului digestiv \u0219i previne formarea ghemotoacelor de p\u0103r \u00een intestine. Mod de \u00eentrebuin\u021bare: scoateti capacul \u0219i uda\u021bi con\u021binutul cutiei \u00een mod repetat pentru men\u021binerea umezelii. \u00cen c\u00e2teva zile iarba va r\u0103sare, iar pisica dvs. poate consuma. Asigura\u0163i- v\u0103 c\u0103 iarba pisicii [&hellip;]<\/p>\n","protected":false},"featured_media":8831,"template":"","meta":[],"product_brand":[],"product_cat":[625,171],"product_tag":[658,657,659],"class_list":{"0":"post-3873","1":"product","2":"type-product","3":"status-publish","4":"has-post-thumbnail","6":"product_cat-accesorii-pisici","7":"product_cat-pisici","8":"product_tag-hrana-pisici","9":"product_tag-iarba-pisici","10":"product_tag-mancare-pisici","12":"first","13":"instock","14":"shipping-taxable","15":"purchasable","16":"product-type-simple"},"_links":{"self":[{"href":"https:\/\/faberpet.ro\/stage\/wp-json\/wp\/v2\/product\/3873","targetHints":{"allow":["GET"]}}],"collection":[{"href":"https:\/\/faberpet.ro\/stage\/wp-json\/wp\/v2\/product"}],"about":[{"href":"https:\/\/faberpet.ro\/stage\/wp-json\/wp\/v2\/types\/product"}],"wp:featuredmedia":[{"embeddable":true,"href":"https:\/\/faberpet.ro\/stage\/wp-json\/wp\/v2\/media\/8831"}],"wp:attachment":[{"href":"https:\/\/faberpet.ro\/stage\/wp-json\/wp\/v2\/media?parent=3873"}],"wp:term":[{"taxonomy":"product_brand","embeddable":true,"href":"https:\/\/faberpet.ro\/stage\/wp-json\/wp\/v2\/product_brand?post=3873"},{"taxonomy":"product_cat","embeddable":true,"href":"https:\/\/faberpet.ro\/stage\/wp-json\/wp\/v2\/product_cat?post=3873"},{"taxonomy":"product_tag","embeddable":true,"href":"https:\/\/faberpet.ro\/stage\/wp-json\/wp\/v2\/product_tag?post=3873"}],"curies":[{"name":"wp","href":"https:\/\/api.w.org\/{rel}","templated":true}]}}