{"id":3874,"date":"2024-10-21T20:31:19","date_gmt":"2024-10-21T17:31:19","guid":{"rendered":"https:\/\/faberpet.ro\/stage\/produs\/lopatica-mare-pentru-litiera-27-x-13-cm\/"},"modified":"2025-08-01T10:11:28","modified_gmt":"2025-08-01T08:11:28","slug":"lopatica-mare-pentru-litiera-27-x-13-cm","status":"publish","type":"product","link":"https:\/\/faberpet.ro\/stage\/produs\/lopatica-mare-pentru-litiera-27-x-13-cm\/","title":{"rendered":"Lopatica mare pentru litiera 27 x 13  cm"},"content":{"rendered":"<p>Permite cur\u0103\u021barea u\u0219oar\u0103 a a\u0219ternutului sau nisipului pisicii tale. Grilajul cu ochiuri mari face ca aceasta s\u0103 fie ideal\u0103 pentru a\u0219ternuturile cu granule mari, de tipul nisipului silicatic, sau pentru cele de agregare, care formeaz\u0103 bulg\u0103ri. Astfel, cur\u0103\u021barea litierei se va realiza rapid \u0219i f\u0103r\u0103 a arunca nisipul curat \u00een acela\u0219i timp cu cel folosit. Lop\u0103\u021bica este realizat\u0103 dintr- un plastic rezistent. Dimensiuni: 27 x 13 cm. IMPORTANT: Acest produs este disponibil \u00een diverse culori, a\u0219adar nu putem garanta livrarea unei anumite culori.<\/p>\n","protected":false},"excerpt":{"rendered":"<p>Permite cur\u0103\u021barea u\u0219oar\u0103 a a\u0219ternutului sau nisipului pisicii tale. Grilajul cu ochiuri mari face ca aceasta s\u0103 fie ideal\u0103 pentru a\u0219ternuturile cu granule mari, de tipul nisipului silicatic, sau pentru cele de agregare, care formeaz\u0103 bulg\u0103ri. Astfel, cur\u0103\u021barea litierei se va realiza rapid \u0219i f\u0103r\u0103 a arunca nisipul curat \u00een acela\u0219i timp cu cel folosit. [&hellip;]<\/p>\n","protected":false},"featured_media":8832,"template":"","meta":[],"product_brand":[],"product_cat":[597,625,168,171],"product_tag":[630,624,660],"class_list":{"0":"post-3874","1":"product","2":"type-product","3":"status-publish","4":"has-post-thumbnail","6":"product_cat-accesorii","7":"product_cat-accesorii-pisici","8":"product_cat-caini","9":"product_cat-pisici","10":"product_tag-accesorii-caini","11":"product_tag-ingrijire-pisici","12":"product_tag-ingrjire-caini","14":"first","15":"instock","16":"shipping-taxable","17":"purchasable","18":"product-type-simple"},"_links":{"self":[{"href":"https:\/\/faberpet.ro\/stage\/wp-json\/wp\/v2\/product\/3874","targetHints":{"allow":["GET"]}}],"collection":[{"href":"https:\/\/faberpet.ro\/stage\/wp-json\/wp\/v2\/product"}],"about":[{"href":"https:\/\/faberpet.ro\/stage\/wp-json\/wp\/v2\/types\/product"}],"wp:featuredmedia":[{"embeddable":true,"href":"https:\/\/faberpet.ro\/stage\/wp-json\/wp\/v2\/media\/8832"}],"wp:attachment":[{"href":"https:\/\/faberpet.ro\/stage\/wp-json\/wp\/v2\/media?parent=3874"}],"wp:term":[{"taxonomy":"product_brand","embeddable":true,"href":"https:\/\/faberpet.ro\/stage\/wp-json\/wp\/v2\/product_brand?post=3874"},{"taxonomy":"product_cat","embeddable":true,"href":"https:\/\/faberpet.ro\/stage\/wp-json\/wp\/v2\/product_cat?post=3874"},{"taxonomy":"product_tag","embeddable":true,"href":"https:\/\/faberpet.ro\/stage\/wp-json\/wp\/v2\/product_tag?post=3874"}],"curies":[{"name":"wp","href":"https:\/\/api.w.org\/{rel}","templated":true}]}}