{"id":3879,"date":"2024-10-21T20:31:20","date_gmt":"2024-10-21T17:31:20","guid":{"rendered":"https:\/\/faberpet.ro\/stage\/produs\/lopatica-pentru-litiera-239-cm\/"},"modified":"2025-08-01T10:12:36","modified_gmt":"2025-08-01T08:12:36","slug":"lopatica-pentru-litiera-239-cm","status":"publish","type":"product","link":"https:\/\/faberpet.ro\/stage\/produs\/lopatica-pentru-litiera-239-cm\/","title":{"rendered":"Lopatica pentru litiera 23*9 cm"},"content":{"rendered":"<p>Permite cur\u0103\u021barea u\u0219oar\u0103 a a\u0219ternutului sau nisipului pisicii tale. Astfel, cur\u0103\u021barea litierei se va realiza rapid \u0219i f\u0103r\u0103 a arunca nisipul curat \u00een acela\u0219i timp cu cel folosit. Lop\u0103\u021bica este realizat\u0103 dintr- un plastic rezistent. Dimensiuni: 23 x 9 cm. IMPORTANT: Acest produs este disponibil \u00een diverse culori, a\u0219adar nu putem garanta livrarea unei anumite culori.<\/p>\n","protected":false},"excerpt":{"rendered":"<p>Permite cur\u0103\u021barea u\u0219oar\u0103 a a\u0219ternutului sau nisipului pisicii tale. Astfel, cur\u0103\u021barea litierei se va realiza rapid \u0219i f\u0103r\u0103 a arunca nisipul curat \u00een acela\u0219i timp cu cel folosit. Lop\u0103\u021bica este realizat\u0103 dintr- un plastic rezistent. Dimensiuni: 23 x 9 cm. IMPORTANT: Acest produs este disponibil \u00een diverse culori, a\u0219adar nu putem garanta livrarea unei anumite [&hellip;]<\/p>\n","protected":false},"featured_media":8838,"template":"","meta":[],"product_brand":[],"product_cat":[597,625,168,171],"product_tag":[624,662,663],"class_list":{"0":"post-3879","1":"product","2":"type-product","3":"status-publish","4":"has-post-thumbnail","6":"product_cat-accesorii","7":"product_cat-accesorii-pisici","8":"product_cat-caini","9":"product_cat-pisici","10":"product_tag-ingrijire-pisici","11":"product_tag-lopatica-asternut","12":"product_tag-lopatica-litiera","14":"first","15":"instock","16":"shipping-taxable","17":"purchasable","18":"product-type-simple"},"_links":{"self":[{"href":"https:\/\/faberpet.ro\/stage\/wp-json\/wp\/v2\/product\/3879","targetHints":{"allow":["GET"]}}],"collection":[{"href":"https:\/\/faberpet.ro\/stage\/wp-json\/wp\/v2\/product"}],"about":[{"href":"https:\/\/faberpet.ro\/stage\/wp-json\/wp\/v2\/types\/product"}],"wp:featuredmedia":[{"embeddable":true,"href":"https:\/\/faberpet.ro\/stage\/wp-json\/wp\/v2\/media\/8838"}],"wp:attachment":[{"href":"https:\/\/faberpet.ro\/stage\/wp-json\/wp\/v2\/media?parent=3879"}],"wp:term":[{"taxonomy":"product_brand","embeddable":true,"href":"https:\/\/faberpet.ro\/stage\/wp-json\/wp\/v2\/product_brand?post=3879"},{"taxonomy":"product_cat","embeddable":true,"href":"https:\/\/faberpet.ro\/stage\/wp-json\/wp\/v2\/product_cat?post=3879"},{"taxonomy":"product_tag","embeddable":true,"href":"https:\/\/faberpet.ro\/stage\/wp-json\/wp\/v2\/product_tag?post=3879"}],"curies":[{"name":"wp","href":"https:\/\/api.w.org\/{rel}","templated":true}]}}