{"id":3885,"date":"2024-10-21T20:31:21","date_gmt":"2024-10-21T17:31:21","guid":{"rendered":"https:\/\/faberpet.ro\/stage\/produs\/covoras-igienic-absorbant-pentru-caini-60x60-cm-l-40-buc\/"},"modified":"2025-08-01T10:13:55","modified_gmt":"2025-08-01T08:13:55","slug":"covoras-igienic-absorbant-pentru-caini-60x60-cm-l-40-buc","status":"publish","type":"product","link":"https:\/\/faberpet.ro\/stage\/produs\/covoras-igienic-absorbant-pentru-caini-60x60-cm-l-40-buc\/","title":{"rendered":"Covoras igienic absorbant pentru caini 60&#215;60 cm L 40 buc"},"content":{"rendered":"<p>Este covora\u0219ul absorbant care \u00eenlocuie\u0219te tradi\u021bionala foaie de ziar utilizat\u0103 pentru a educa c\u0103\u021beii s\u0103 murd\u0103reasc\u0103 &#8220;\u00een col\u021bul camerei&#8221;. Sunt confec\u021biona\u021bi dintr- un material super absorbant ce va re\u021bine toat\u0103 umezeala \u0219i mizeria. Se a\u0219eaz\u0103 direct pe podea, cu partea filtrant\u0103 \u00eendreptat\u0103 \u00een sus, iar cea impermeabil\u0103, care \u00eempiedic\u0103 scurgerile de lichide, c\u0103tre podea. este optim \u0219i ca &#8220;toalet\u0103&#8221; pentru c\u00e2ini adul\u021bi \u00een cazul \u00een care nu e posibil\u0103 scoaterea acestora afar\u0103. \u00cen plus, e ideal pentru a proteja zonele \u00een care c\u00e2inele st\u0103 de obicei (fotolii, covoare, cu\u0219c\u0103 sau patul c\u00e2inelui). Pachetul con\u021bine 40 covora\u0219e. M\u0103rime covora\u0219: 60&#215;60 cm. Se vinde ambalat c\u00e2te 40 buc\/set! Pre\u021bul afi\u0219at este per set!<\/p>\n","protected":false},"excerpt":{"rendered":"<p>Este covora\u0219ul absorbant care \u00eenlocuie\u0219te tradi\u021bionala foaie de ziar utilizat\u0103 pentru a educa c\u0103\u021beii s\u0103 murd\u0103reasc\u0103 &#8220;\u00een col\u021bul camerei&#8221;. Sunt confec\u021biona\u021bi dintr- un material super absorbant ce va re\u021bine toat\u0103 umezeala \u0219i mizeria. Se a\u0219eaz\u0103 direct pe podea, cu partea filtrant\u0103 \u00eendreptat\u0103 \u00een sus, iar cea impermeabil\u0103, care \u00eempiedic\u0103 scurgerile de lichide, c\u0103tre podea. este [&hellip;]<\/p>\n","protected":false},"featured_media":8843,"template":"","meta":[],"product_brand":[],"product_cat":[597,168,641],"product_tag":[667,664,668],"class_list":{"0":"post-3885","1":"product","2":"type-product","3":"status-publish","4":"has-post-thumbnail","6":"product_cat-accesorii","7":"product_cat-caini","8":"product_cat-scutece","9":"product_tag-caini-scutece","10":"product_tag-covoras-caini","11":"product_tag-covoras-igienic-absorbant","13":"first","14":"instock","15":"shipping-taxable","16":"purchasable","17":"product-type-simple"},"_links":{"self":[{"href":"https:\/\/faberpet.ro\/stage\/wp-json\/wp\/v2\/product\/3885","targetHints":{"allow":["GET"]}}],"collection":[{"href":"https:\/\/faberpet.ro\/stage\/wp-json\/wp\/v2\/product"}],"about":[{"href":"https:\/\/faberpet.ro\/stage\/wp-json\/wp\/v2\/types\/product"}],"wp:featuredmedia":[{"embeddable":true,"href":"https:\/\/faberpet.ro\/stage\/wp-json\/wp\/v2\/media\/8843"}],"wp:attachment":[{"href":"https:\/\/faberpet.ro\/stage\/wp-json\/wp\/v2\/media?parent=3885"}],"wp:term":[{"taxonomy":"product_brand","embeddable":true,"href":"https:\/\/faberpet.ro\/stage\/wp-json\/wp\/v2\/product_brand?post=3885"},{"taxonomy":"product_cat","embeddable":true,"href":"https:\/\/faberpet.ro\/stage\/wp-json\/wp\/v2\/product_cat?post=3885"},{"taxonomy":"product_tag","embeddable":true,"href":"https:\/\/faberpet.ro\/stage\/wp-json\/wp\/v2\/product_tag?post=3885"}],"curies":[{"name":"wp","href":"https:\/\/api.w.org\/{rel}","templated":true}]}}