{"id":3887,"date":"2024-10-21T20:31:21","date_gmt":"2024-10-21T17:31:21","guid":{"rendered":"https:\/\/faberpet.ro\/stage\/produs\/suport-pungi-igienice-cu-rezerva\/"},"modified":"2025-08-01T10:14:25","modified_gmt":"2025-08-01T08:14:25","slug":"suport-pungi-igienice-cu-rezerva","status":"publish","type":"product","link":"https:\/\/faberpet.ro\/stage\/produs\/suport-pungi-igienice-cu-rezerva\/","title":{"rendered":"Suport pungi igienice cu rezerva"},"content":{"rendered":"<p>Este un suport din plastic cu ag\u0103\u021b\u0103toare pentru pungi igienice, util c\u00e2nd ie\u0219i\u021bi cu c\u00e2inele \u00een spa\u021biul public. Poate fi ata\u0219at cu u\u0219urint\u0103 de zgarda, lesa sau de centura dvs. cu ajutorul carabinierei, l\u0103s\u00e2ndu- v\u0103 libertate deplin\u0103 c\u00e2nd ie\u0219i\u021bi cu c\u00e2inele. Pungile igienice sunt ideale pentru str\u00e2ngerea fecalelor pe durata plimb\u0103rilor, protej\u00e2ndu- se astfel mediul \u00eenconjur\u0103tor. Con\u021bine: 2&#215;15 buc. IMPORTANT: Acest produs este disponibil \u00een diverse culori, a\u0219adar nu putem garanta livrarea unei anumite culori.<\/p>\n","protected":false},"excerpt":{"rendered":"<p>Este un suport din plastic cu ag\u0103\u021b\u0103toare pentru pungi igienice, util c\u00e2nd ie\u0219i\u021bi cu c\u00e2inele \u00een spa\u021biul public. Poate fi ata\u0219at cu u\u0219urint\u0103 de zgarda, lesa sau de centura dvs. cu ajutorul carabinierei, l\u0103s\u00e2ndu- v\u0103 libertate deplin\u0103 c\u00e2nd ie\u0219i\u021bi cu c\u00e2inele. Pungile igienice sunt ideale pentru str\u00e2ngerea fecalelor pe durata plimb\u0103rilor, protej\u00e2ndu- se astfel mediul [&hellip;]<\/p>\n","protected":false},"featured_media":8845,"template":"","meta":[],"product_brand":[],"product_cat":[597,625,168,171],"product_tag":[623,624,669],"class_list":{"0":"post-3887","1":"product","2":"type-product","3":"status-publish","4":"has-post-thumbnail","6":"product_cat-accesorii","7":"product_cat-accesorii-pisici","8":"product_cat-caini","9":"product_cat-pisici","10":"product_tag-ingrijire-caini","11":"product_tag-ingrijire-pisici","12":"product_tag-pungi-igienice","14":"first","15":"instock","16":"shipping-taxable","17":"purchasable","18":"product-type-simple"},"_links":{"self":[{"href":"https:\/\/faberpet.ro\/stage\/wp-json\/wp\/v2\/product\/3887","targetHints":{"allow":["GET"]}}],"collection":[{"href":"https:\/\/faberpet.ro\/stage\/wp-json\/wp\/v2\/product"}],"about":[{"href":"https:\/\/faberpet.ro\/stage\/wp-json\/wp\/v2\/types\/product"}],"wp:featuredmedia":[{"embeddable":true,"href":"https:\/\/faberpet.ro\/stage\/wp-json\/wp\/v2\/media\/8845"}],"wp:attachment":[{"href":"https:\/\/faberpet.ro\/stage\/wp-json\/wp\/v2\/media?parent=3887"}],"wp:term":[{"taxonomy":"product_brand","embeddable":true,"href":"https:\/\/faberpet.ro\/stage\/wp-json\/wp\/v2\/product_brand?post=3887"},{"taxonomy":"product_cat","embeddable":true,"href":"https:\/\/faberpet.ro\/stage\/wp-json\/wp\/v2\/product_cat?post=3887"},{"taxonomy":"product_tag","embeddable":true,"href":"https:\/\/faberpet.ro\/stage\/wp-json\/wp\/v2\/product_tag?post=3887"}],"curies":[{"name":"wp","href":"https:\/\/api.w.org\/{rel}","templated":true}]}}