{"id":3888,"date":"2024-10-21T20:31:21","date_gmt":"2024-10-21T17:31:21","guid":{"rendered":"https:\/\/faberpet.ro\/stage\/produs\/fluier-ultrasunet-pentru-caini\/"},"modified":"2025-08-01T10:14:50","modified_gmt":"2025-08-01T08:14:50","slug":"fluier-ultrasunet-pentru-caini","status":"publish","type":"product","link":"https:\/\/faberpet.ro\/stage\/produs\/fluier-ultrasunet-pentru-caini\/","title":{"rendered":"Fluier ultrasunet pentru caini"},"content":{"rendered":"<p>Fluier din metal, pentru dresajul c\u00e2inilor sau de a comunica foarte u\u0219or \u0219i \u00eentr- o manier\u0103 elegant\u0103 cu c\u00e2inele dumneavoastr\u0103. Recomandat tuturor raselor de c\u00e2ini. Lungime 4, 5 cm.<\/p>\n","protected":false},"excerpt":{"rendered":"<p>Fluier din metal, pentru dresajul c\u00e2inilor sau de a comunica foarte u\u0219or \u0219i \u00eentr- o manier\u0103 elegant\u0103 cu c\u00e2inele dumneavoastr\u0103. Recomandat tuturor raselor de c\u00e2ini. Lungime 4, 5 cm.<\/p>\n","protected":false},"featured_media":8846,"template":"","meta":[],"product_brand":[],"product_cat":[597,168],"product_tag":[630,670],"class_list":{"0":"post-3888","1":"product","2":"type-product","3":"status-publish","4":"has-post-thumbnail","6":"product_cat-accesorii","7":"product_cat-caini","8":"product_tag-accesorii-caini","9":"product_tag-fluier-caini","11":"first","12":"instock","13":"shipping-taxable","14":"purchasable","15":"product-type-simple"},"_links":{"self":[{"href":"https:\/\/faberpet.ro\/stage\/wp-json\/wp\/v2\/product\/3888","targetHints":{"allow":["GET"]}}],"collection":[{"href":"https:\/\/faberpet.ro\/stage\/wp-json\/wp\/v2\/product"}],"about":[{"href":"https:\/\/faberpet.ro\/stage\/wp-json\/wp\/v2\/types\/product"}],"wp:featuredmedia":[{"embeddable":true,"href":"https:\/\/faberpet.ro\/stage\/wp-json\/wp\/v2\/media\/8846"}],"wp:attachment":[{"href":"https:\/\/faberpet.ro\/stage\/wp-json\/wp\/v2\/media?parent=3888"}],"wp:term":[{"taxonomy":"product_brand","embeddable":true,"href":"https:\/\/faberpet.ro\/stage\/wp-json\/wp\/v2\/product_brand?post=3888"},{"taxonomy":"product_cat","embeddable":true,"href":"https:\/\/faberpet.ro\/stage\/wp-json\/wp\/v2\/product_cat?post=3888"},{"taxonomy":"product_tag","embeddable":true,"href":"https:\/\/faberpet.ro\/stage\/wp-json\/wp\/v2\/product_tag?post=3888"}],"curies":[{"name":"wp","href":"https:\/\/api.w.org\/{rel}","templated":true}]}}