{"id":3889,"date":"2024-10-21T20:31:21","date_gmt":"2024-10-21T17:31:21","guid":{"rendered":"https:\/\/faberpet.ro\/stage\/produs\/set-pungi-igienice-3x20-buc\/"},"modified":"2025-08-01T10:15:02","modified_gmt":"2025-08-01T08:15:02","slug":"set-pungi-igienice-3x20-buc","status":"publish","type":"product","link":"https:\/\/faberpet.ro\/stage\/produs\/set-pungi-igienice-3x20-buc\/","title":{"rendered":"Set pungi igienice 3&#215;20 buc"},"content":{"rendered":"<p>Sunt ideale pentru str\u00e2ngerea fecalelor pe durata plimb\u0103rilor, protej\u00e2ndu- se astfel mediul \u00eenconjur\u0103tor. Con\u021binutul setului: 3&#215;20 buc. IMPORTANT: Acest produs este disponibil \u00een diverse culori, a\u0219adar nu putem garanta livrarea unei anumite culori.<\/p>\n","protected":false},"excerpt":{"rendered":"<p>Sunt ideale pentru str\u00e2ngerea fecalelor pe durata plimb\u0103rilor, protej\u00e2ndu- se astfel mediul \u00eenconjur\u0103tor. Con\u021binutul setului: 3&#215;20 buc. IMPORTANT: Acest produs este disponibil \u00een diverse culori, a\u0219adar nu putem garanta livrarea unei anumite culori.<\/p>\n","protected":false},"featured_media":8847,"template":"","meta":[],"product_brand":[],"product_cat":[625,597,168,171],"product_tag":[623,624,669],"class_list":{"0":"post-3889","1":"product","2":"type-product","3":"status-publish","4":"has-post-thumbnail","6":"product_cat-accesorii-pisici","7":"product_cat-accesorii","8":"product_cat-caini","9":"product_cat-pisici","10":"product_tag-ingrijire-caini","11":"product_tag-ingrijire-pisici","12":"product_tag-pungi-igienice","14":"first","15":"instock","16":"shipping-taxable","17":"purchasable","18":"product-type-simple"},"_links":{"self":[{"href":"https:\/\/faberpet.ro\/stage\/wp-json\/wp\/v2\/product\/3889","targetHints":{"allow":["GET"]}}],"collection":[{"href":"https:\/\/faberpet.ro\/stage\/wp-json\/wp\/v2\/product"}],"about":[{"href":"https:\/\/faberpet.ro\/stage\/wp-json\/wp\/v2\/types\/product"}],"wp:featuredmedia":[{"embeddable":true,"href":"https:\/\/faberpet.ro\/stage\/wp-json\/wp\/v2\/media\/8847"}],"wp:attachment":[{"href":"https:\/\/faberpet.ro\/stage\/wp-json\/wp\/v2\/media?parent=3889"}],"wp:term":[{"taxonomy":"product_brand","embeddable":true,"href":"https:\/\/faberpet.ro\/stage\/wp-json\/wp\/v2\/product_brand?post=3889"},{"taxonomy":"product_cat","embeddable":true,"href":"https:\/\/faberpet.ro\/stage\/wp-json\/wp\/v2\/product_cat?post=3889"},{"taxonomy":"product_tag","embeddable":true,"href":"https:\/\/faberpet.ro\/stage\/wp-json\/wp\/v2\/product_tag?post=3889"}],"curies":[{"name":"wp","href":"https:\/\/api.w.org\/{rel}","templated":true}]}}