{"id":3892,"date":"2024-10-21T20:31:21","date_gmt":"2024-10-21T17:31:21","guid":{"rendered":"https:\/\/faberpet.ro\/stage\/produs\/scutece-pentru-animale-mini-22-buc-0-5-1-5-kg\/"},"modified":"2025-08-01T10:15:48","modified_gmt":"2025-08-01T08:15:48","slug":"scutece-pentru-animale-mini-22-buc-0-5-1-5-kg","status":"publish","type":"product","link":"https:\/\/faberpet.ro\/stage\/produs\/scutece-pentru-animale-mini-22-buc-0-5-1-5-kg\/","title":{"rendered":"Scutece pentru animale MINI 22 buc 0.5-1.5 kg"},"content":{"rendered":"<p>Scutece tip chilo\u021bi pentru c\u00e2ini femele \u00een c\u0103lduri, c\u00e2ini \u00eenc\u0103 nedresa\u021bi s\u0103 urineze \u00eentr- un loc anume, c\u00e2ini cu incontinen\u021ba \u0219i urinare necontrolat\u0103. Sunt confec\u021biona\u021bi dintr- un material super absorbant ce va re\u021bine toat\u0103 umezeala \u0219i mizeria. Ofer\u0103 o protec\u021bie igienic\u0103 foarte confortabil\u0103. Fundul special impermeabil \u0219i marginea blocabil\u0103, asigur\u0103 o distribu\u021bie uniform\u0103 \u0219i previne scurgerile. este optim \u0219i ca &#8220;toalet\u0103&#8221; pentru c\u00e2ini adul\u021bi \u00een cazul \u00een care nu e posibil\u0103 scoaterea acestora afar\u0103. \u00cen plus, e ideal pentru a proteja zonele \u00een care c\u00e2inele st\u0103 de obicei (fotolii, covoare, cu\u0219c\u0103 sau patul c\u00e2inelui). Pachetul con\u021bine 22 de scutece. M\u0103rime scutec 14- 28 cm. Pentru animale cu greutatea 0, 5 \u2013 1, 5 kg. Bonus un pachet de \u0219erve\u021bel umed. Se vinde ambalat c\u00e2te 22 buc\/set! Pre\u021bul afi\u0219at este per set!<\/p>\n","protected":false},"excerpt":{"rendered":"<p>Scutece tip chilo\u021bi pentru c\u00e2ini femele \u00een c\u0103lduri, c\u00e2ini \u00eenc\u0103 nedresa\u021bi s\u0103 urineze \u00eentr- un loc anume, c\u00e2ini cu incontinen\u021ba \u0219i urinare necontrolat\u0103. Sunt confec\u021biona\u021bi dintr- un material super absorbant ce va re\u021bine toat\u0103 umezeala \u0219i mizeria. Ofer\u0103 o protec\u021bie igienic\u0103 foarte confortabil\u0103. Fundul special impermeabil \u0219i marginea blocabil\u0103, asigur\u0103 o distribu\u021bie uniform\u0103 \u0219i previne [&hellip;]<\/p>\n","protected":false},"featured_media":8850,"template":"","meta":[],"product_brand":[],"product_cat":[597,168,641],"product_tag":[676,665,677],"class_list":{"0":"post-3892","1":"product","2":"type-product","3":"status-publish","4":"has-post-thumbnail","6":"product_cat-accesorii","7":"product_cat-caini","8":"product_cat-scutece","9":"product_tag-animale-scutece","10":"product_tag-scutece-caini","11":"product_tag-scutece-pentru-animale-mini","13":"first","14":"instock","15":"shipping-taxable","16":"purchasable","17":"product-type-simple"},"_links":{"self":[{"href":"https:\/\/faberpet.ro\/stage\/wp-json\/wp\/v2\/product\/3892","targetHints":{"allow":["GET"]}}],"collection":[{"href":"https:\/\/faberpet.ro\/stage\/wp-json\/wp\/v2\/product"}],"about":[{"href":"https:\/\/faberpet.ro\/stage\/wp-json\/wp\/v2\/types\/product"}],"wp:featuredmedia":[{"embeddable":true,"href":"https:\/\/faberpet.ro\/stage\/wp-json\/wp\/v2\/media\/8850"}],"wp:attachment":[{"href":"https:\/\/faberpet.ro\/stage\/wp-json\/wp\/v2\/media?parent=3892"}],"wp:term":[{"taxonomy":"product_brand","embeddable":true,"href":"https:\/\/faberpet.ro\/stage\/wp-json\/wp\/v2\/product_brand?post=3892"},{"taxonomy":"product_cat","embeddable":true,"href":"https:\/\/faberpet.ro\/stage\/wp-json\/wp\/v2\/product_cat?post=3892"},{"taxonomy":"product_tag","embeddable":true,"href":"https:\/\/faberpet.ro\/stage\/wp-json\/wp\/v2\/product_tag?post=3892"}],"curies":[{"name":"wp","href":"https:\/\/api.w.org\/{rel}","templated":true}]}}