{"id":3898,"date":"2024-10-21T20:31:22","date_gmt":"2024-10-21T17:31:22","guid":{"rendered":"https:\/\/faberpet.ro\/stage\/produs\/scutece-pentru-animale-masculi-xs-14-buc\/"},"modified":"2025-08-01T10:18:39","modified_gmt":"2025-08-01T08:18:39","slug":"scutece-pentru-animale-masculi-xs-14-buc","status":"publish","type":"product","link":"https:\/\/faberpet.ro\/stage\/produs\/scutece-pentru-animale-masculi-xs-14-buc\/","title":{"rendered":"Scutece pentru animale masculi XS 14 buc"},"content":{"rendered":"<p>Pot fi utilizate pe perioada c\u0103l\u0103toriilor sau pentru c\u0103\u021bei nedresa\u021bi s\u0103 urineze \u00eentr- un loc anume, pentru c\u00e2ini cu incontinen\u021ba urinar\u0103 sau c\u00e2ini ce au suferit interven\u021bii chirurgicale. Sunt confec\u021biona\u021bi dintr- un material super absorbant ce va re\u021bine toat\u0103 umezeala \u0219i mizeria. Ofer\u0103 o protec\u021bie igienic\u0103 foarte confortabil\u0103. Pachetul con\u021bine 14 de scutece. M\u0103rime scutec 15- 33 cm. Se vinde ambalat c\u00e2te 14 buc\/set! Pre\u021bul afi\u0219at este per set!<\/p>\n","protected":false},"excerpt":{"rendered":"<p>Pot fi utilizate pe perioada c\u0103l\u0103toriilor sau pentru c\u0103\u021bei nedresa\u021bi s\u0103 urineze \u00eentr- un loc anume, pentru c\u00e2ini cu incontinen\u021ba urinar\u0103 sau c\u00e2ini ce au suferit interven\u021bii chirurgicale. Sunt confec\u021biona\u021bi dintr- un material super absorbant ce va re\u021bine toat\u0103 umezeala \u0219i mizeria. Ofer\u0103 o protec\u021bie igienic\u0103 foarte confortabil\u0103. Pachetul con\u021bine 14 de scutece. M\u0103rime scutec [&hellip;]<\/p>\n","protected":false},"featured_media":8856,"template":"","meta":[],"product_brand":[],"product_cat":[597,168,641],"product_tag":[676,665,678],"class_list":{"0":"post-3898","1":"product","2":"type-product","3":"status-publish","4":"has-post-thumbnail","6":"product_cat-accesorii","7":"product_cat-caini","8":"product_cat-scutece","9":"product_tag-animale-scutece","10":"product_tag-scutece-caini","11":"product_tag-scutece-pentru-animale","13":"first","14":"instock","15":"shipping-taxable","16":"purchasable","17":"product-type-simple"},"_links":{"self":[{"href":"https:\/\/faberpet.ro\/stage\/wp-json\/wp\/v2\/product\/3898","targetHints":{"allow":["GET"]}}],"collection":[{"href":"https:\/\/faberpet.ro\/stage\/wp-json\/wp\/v2\/product"}],"about":[{"href":"https:\/\/faberpet.ro\/stage\/wp-json\/wp\/v2\/types\/product"}],"wp:featuredmedia":[{"embeddable":true,"href":"https:\/\/faberpet.ro\/stage\/wp-json\/wp\/v2\/media\/8856"}],"wp:attachment":[{"href":"https:\/\/faberpet.ro\/stage\/wp-json\/wp\/v2\/media?parent=3898"}],"wp:term":[{"taxonomy":"product_brand","embeddable":true,"href":"https:\/\/faberpet.ro\/stage\/wp-json\/wp\/v2\/product_brand?post=3898"},{"taxonomy":"product_cat","embeddable":true,"href":"https:\/\/faberpet.ro\/stage\/wp-json\/wp\/v2\/product_cat?post=3898"},{"taxonomy":"product_tag","embeddable":true,"href":"https:\/\/faberpet.ro\/stage\/wp-json\/wp\/v2\/product_tag?post=3898"}],"curies":[{"name":"wp","href":"https:\/\/api.w.org\/{rel}","templated":true}]}}