{"id":3903,"date":"2024-10-21T20:31:23","date_gmt":"2024-10-21T17:31:23","guid":{"rendered":"https:\/\/faberpet.ro\/stage\/produs\/perie-dinti-electric-cu-baterie-si-cap-rezerva\/"},"modified":"2025-08-01T10:19:37","modified_gmt":"2025-08-01T08:19:37","slug":"perie-dinti-electric-cu-baterie-si-cap-rezerva","status":"publish","type":"product","link":"https:\/\/faberpet.ro\/stage\/produs\/perie-dinti-electric-cu-baterie-si-cap-rezerva\/","title":{"rendered":"Perie dinti electric cu baterie si cap rezerva"},"content":{"rendered":"<p>At\u00e2t \u00een cazul oamenilor c\u00e2t \u0219i \u00een cazul cainilor, \u00eengrijirea oral\u0103 \u00eenseamn\u0103 mai mult dec\u00e2t z\u00e2mbetul str\u0103lucitor, \u0219i este o component\u0103 important\u0103 a s\u0103n\u0103t\u0103\u021bii generale. \u00cen cazul c\u00e2inilor, \u00een realitate, 80% dintre ace\u0219tia \u00eencep s\u0103 prezinte semne de boal\u0103 oral\u0103 p\u00e2n\u0103 la v\u00e2rsta de 3 ani. Design special, extrem de u\u0219or de utilizat;Confec\u021bionat din plastic de calitate;Rezisten\u021b\u0103 la uzur\u0103;Se folose\u0219te cu o baterie de AA; Se livreaz\u0103 f\u0103r\u0103 baterie.<\/p>\n","protected":false},"excerpt":{"rendered":"<p>At\u00e2t \u00een cazul oamenilor c\u00e2t \u0219i \u00een cazul cainilor, \u00eengrijirea oral\u0103 \u00eenseamn\u0103 mai mult dec\u00e2t z\u00e2mbetul str\u0103lucitor, \u0219i este o component\u0103 important\u0103 a s\u0103n\u0103t\u0103\u021bii generale. \u00cen cazul c\u00e2inilor, \u00een realitate, 80% dintre ace\u0219tia \u00eencep s\u0103 prezinte semne de boal\u0103 oral\u0103 p\u00e2n\u0103 la v\u00e2rsta de 3 ani. Design special, extrem de u\u0219or de utilizat;Confec\u021bionat din plastic [&hellip;]<\/p>\n","protected":false},"featured_media":8861,"template":"","meta":[],"product_brand":[],"product_cat":[597,625,168,171],"product_tag":[681,683,682],"class_list":{"0":"post-3903","1":"product","2":"type-product","3":"status-publish","4":"has-post-thumbnail","6":"product_cat-accesorii","7":"product_cat-accesorii-pisici","8":"product_cat-caini","9":"product_cat-pisici","10":"product_tag-perie-dinti-caini","11":"product_tag-perie-dinti-electric","12":"product_tag-perie-electric-animale","14":"first","15":"instock","16":"shipping-taxable","17":"purchasable","18":"product-type-simple"},"_links":{"self":[{"href":"https:\/\/faberpet.ro\/stage\/wp-json\/wp\/v2\/product\/3903","targetHints":{"allow":["GET"]}}],"collection":[{"href":"https:\/\/faberpet.ro\/stage\/wp-json\/wp\/v2\/product"}],"about":[{"href":"https:\/\/faberpet.ro\/stage\/wp-json\/wp\/v2\/types\/product"}],"wp:featuredmedia":[{"embeddable":true,"href":"https:\/\/faberpet.ro\/stage\/wp-json\/wp\/v2\/media\/8861"}],"wp:attachment":[{"href":"https:\/\/faberpet.ro\/stage\/wp-json\/wp\/v2\/media?parent=3903"}],"wp:term":[{"taxonomy":"product_brand","embeddable":true,"href":"https:\/\/faberpet.ro\/stage\/wp-json\/wp\/v2\/product_brand?post=3903"},{"taxonomy":"product_cat","embeddable":true,"href":"https:\/\/faberpet.ro\/stage\/wp-json\/wp\/v2\/product_cat?post=3903"},{"taxonomy":"product_tag","embeddable":true,"href":"https:\/\/faberpet.ro\/stage\/wp-json\/wp\/v2\/product_tag?post=3903"}],"curies":[{"name":"wp","href":"https:\/\/api.w.org\/{rel}","templated":true}]}}