{"id":3904,"date":"2024-10-21T20:31:23","date_gmt":"2024-10-21T17:31:23","guid":{"rendered":"https:\/\/faberpet.ro\/stage\/produs\/laser-ca-jucarie-pentru-breloc-cu-baterii\/"},"modified":"2025-08-01T10:19:52","modified_gmt":"2025-08-01T08:19:52","slug":"laser-ca-jucarie-pentru-breloc-cu-baterii","status":"publish","type":"product","link":"https:\/\/faberpet.ro\/stage\/produs\/laser-ca-jucarie-pentru-breloc-cu-baterii\/","title":{"rendered":"Laser ca jucarie pentru breloc cu baterii"},"content":{"rendered":"<p>Se poate folosi \u0219i ca juc\u0103rie interactiv\u0103 pentru animale. Va \u021bine animalul ocupat\u0103 ore \u00eentregi, cu lumin\u0103 \u00een form\u0103 de punct. M\u0103rime cca. 5 cm. Sunt incluse 3 baterii.<\/p>\n","protected":false},"excerpt":{"rendered":"<p>Se poate folosi \u0219i ca juc\u0103rie interactiv\u0103 pentru animale. Va \u021bine animalul ocupat\u0103 ore \u00eentregi, cu lumin\u0103 \u00een form\u0103 de punct. M\u0103rime cca. 5 cm. Sunt incluse 3 baterii.<\/p>\n","protected":false},"featured_media":8862,"template":"","meta":[],"product_brand":[],"product_cat":[597,625,168,171],"product_tag":[684,686,685],"class_list":{"0":"post-3904","1":"product","2":"type-product","3":"status-publish","4":"has-post-thumbnail","6":"product_cat-accesorii","7":"product_cat-accesorii-pisici","8":"product_cat-caini","9":"product_cat-pisici","10":"product_tag-jucarie-laser","11":"product_tag-jucarie-laser-pisici","12":"product_tag-jucarie-led","14":"first","15":"instock","16":"shipping-taxable","17":"purchasable","18":"product-type-simple"},"_links":{"self":[{"href":"https:\/\/faberpet.ro\/stage\/wp-json\/wp\/v2\/product\/3904","targetHints":{"allow":["GET"]}}],"collection":[{"href":"https:\/\/faberpet.ro\/stage\/wp-json\/wp\/v2\/product"}],"about":[{"href":"https:\/\/faberpet.ro\/stage\/wp-json\/wp\/v2\/types\/product"}],"wp:featuredmedia":[{"embeddable":true,"href":"https:\/\/faberpet.ro\/stage\/wp-json\/wp\/v2\/media\/8862"}],"wp:attachment":[{"href":"https:\/\/faberpet.ro\/stage\/wp-json\/wp\/v2\/media?parent=3904"}],"wp:term":[{"taxonomy":"product_brand","embeddable":true,"href":"https:\/\/faberpet.ro\/stage\/wp-json\/wp\/v2\/product_brand?post=3904"},{"taxonomy":"product_cat","embeddable":true,"href":"https:\/\/faberpet.ro\/stage\/wp-json\/wp\/v2\/product_cat?post=3904"},{"taxonomy":"product_tag","embeddable":true,"href":"https:\/\/faberpet.ro\/stage\/wp-json\/wp\/v2\/product_tag?post=3904"}],"curies":[{"name":"wp","href":"https:\/\/api.w.org\/{rel}","templated":true}]}}