{"id":3905,"date":"2024-10-21T20:31:23","date_gmt":"2024-10-21T17:31:23","guid":{"rendered":"https:\/\/faberpet.ro\/stage\/produs\/papion-pentru-caini-in-diverse-culori-11-cm-12-set\/"},"modified":"2025-08-01T10:20:08","modified_gmt":"2025-08-01T08:20:08","slug":"papion-pentru-caini-in-diverse-culori-11-cm-12-set","status":"publish","type":"product","link":"https:\/\/faberpet.ro\/stage\/produs\/papion-pentru-caini-in-diverse-culori-11-cm-12-set\/","title":{"rendered":"Papion pentru caini in diverse culori 11 cm 12 \/set"},"content":{"rendered":"<p>Ofer\u0103 prietenului t\u0103u cel mai credincios un accesoriu vesel. Se \u00eenchide cu un scai special \u2013 care nu aga\u021b\u0103 bl\u0103ni\u021ba. este un accesoriu de vestimenta\u021bie recomandat a se purta cu hainu\u021bele de primavar\u0103 sau var\u0103, dar merge excelent \u0219i purtat singur . Se poate purta at\u00e2t de c\u0103tre feti\u021be c\u00e2t \u0219i de c\u0103tre b\u0103ie\u021bei. D\u0103 o not\u0103 de elegan\u021b\u0103 \u0219i distinc\u021bie \u0219i nu trebuie s\u0103 lipseasc\u0103 din garderoba personal\u0103. Lungime 11 cm. Se vinde ambalat c\u00e2te 12 buc\/set! Pre\u021bul afi\u0219at este per set!<\/p>\n","protected":false},"excerpt":{"rendered":"<p>Ofer\u0103 prietenului t\u0103u cel mai credincios un accesoriu vesel. Se \u00eenchide cu un scai special \u2013 care nu aga\u021b\u0103 bl\u0103ni\u021ba. este un accesoriu de vestimenta\u021bie recomandat a se purta cu hainu\u021bele de primavar\u0103 sau var\u0103, dar merge excelent \u0219i purtat singur . Se poate purta at\u00e2t de c\u0103tre feti\u021be c\u00e2t \u0219i de c\u0103tre b\u0103ie\u021bei. D\u0103 [&hellip;]<\/p>\n","protected":false},"featured_media":8863,"template":"","meta":[],"product_brand":[],"product_cat":[597,168],"product_tag":[630,687,688],"class_list":{"0":"post-3905","1":"product","2":"type-product","3":"status-publish","4":"has-post-thumbnail","6":"product_cat-accesorii","7":"product_cat-caini","8":"product_tag-accesorii-caini","9":"product_tag-papion-caini","10":"product_tag-zgarzi-caini","12":"first","13":"instock","14":"shipping-taxable","15":"purchasable","16":"product-type-simple"},"_links":{"self":[{"href":"https:\/\/faberpet.ro\/stage\/wp-json\/wp\/v2\/product\/3905","targetHints":{"allow":["GET"]}}],"collection":[{"href":"https:\/\/faberpet.ro\/stage\/wp-json\/wp\/v2\/product"}],"about":[{"href":"https:\/\/faberpet.ro\/stage\/wp-json\/wp\/v2\/types\/product"}],"wp:featuredmedia":[{"embeddable":true,"href":"https:\/\/faberpet.ro\/stage\/wp-json\/wp\/v2\/media\/8863"}],"wp:attachment":[{"href":"https:\/\/faberpet.ro\/stage\/wp-json\/wp\/v2\/media?parent=3905"}],"wp:term":[{"taxonomy":"product_brand","embeddable":true,"href":"https:\/\/faberpet.ro\/stage\/wp-json\/wp\/v2\/product_brand?post=3905"},{"taxonomy":"product_cat","embeddable":true,"href":"https:\/\/faberpet.ro\/stage\/wp-json\/wp\/v2\/product_cat?post=3905"},{"taxonomy":"product_tag","embeddable":true,"href":"https:\/\/faberpet.ro\/stage\/wp-json\/wp\/v2\/product_tag?post=3905"}],"curies":[{"name":"wp","href":"https:\/\/api.w.org\/{rel}","templated":true}]}}