{"id":3906,"date":"2024-10-21T20:31:23","date_gmt":"2024-10-21T17:31:23","guid":{"rendered":"https:\/\/faberpet.ro\/stage\/produs\/cravata-pentru-caini-in-diverse-culori-11-cm-12-set\/"},"modified":"2025-08-01T10:20:19","modified_gmt":"2025-08-01T08:20:19","slug":"cravata-pentru-caini-in-diverse-culori-11-cm-12-set","status":"publish","type":"product","link":"https:\/\/faberpet.ro\/stage\/produs\/cravata-pentru-caini-in-diverse-culori-11-cm-12-set\/","title":{"rendered":"Cravata pentru caini in diverse culori 11 cm 12 \/set"},"content":{"rendered":"<p>Ofer\u0103 prietenului t\u0103u cel mai credincios un accesoriu vesel. Cravata se monteaz\u0103 pe zgard\u0103. Cu diferite modele \u0219i dungi. Confec\u021bionat\u0103 din polyester. Lungime 11 cm. Se vinde ambalat c\u00e2te 12 buc\/set! Pre\u021bul afi\u0219at este per set!<\/p>\n","protected":false},"excerpt":{"rendered":"<p>Ofer\u0103 prietenului t\u0103u cel mai credincios un accesoriu vesel. Cravata se monteaz\u0103 pe zgard\u0103. Cu diferite modele \u0219i dungi. Confec\u021bionat\u0103 din polyester. Lungime 11 cm. Se vinde ambalat c\u00e2te 12 buc\/set! Pre\u021bul afi\u0219at este per set!<\/p>\n","protected":false},"featured_media":8864,"template":"","meta":[],"product_brand":[],"product_cat":[597,168],"product_tag":[630,689,688],"class_list":{"0":"post-3906","1":"product","2":"type-product","3":"status-publish","4":"has-post-thumbnail","6":"product_cat-accesorii","7":"product_cat-caini","8":"product_tag-accesorii-caini","9":"product_tag-cravata-caini","10":"product_tag-zgarzi-caini","12":"first","13":"instock","14":"shipping-taxable","15":"purchasable","16":"product-type-simple"},"_links":{"self":[{"href":"https:\/\/faberpet.ro\/stage\/wp-json\/wp\/v2\/product\/3906","targetHints":{"allow":["GET"]}}],"collection":[{"href":"https:\/\/faberpet.ro\/stage\/wp-json\/wp\/v2\/product"}],"about":[{"href":"https:\/\/faberpet.ro\/stage\/wp-json\/wp\/v2\/types\/product"}],"wp:featuredmedia":[{"embeddable":true,"href":"https:\/\/faberpet.ro\/stage\/wp-json\/wp\/v2\/media\/8864"}],"wp:attachment":[{"href":"https:\/\/faberpet.ro\/stage\/wp-json\/wp\/v2\/media?parent=3906"}],"wp:term":[{"taxonomy":"product_brand","embeddable":true,"href":"https:\/\/faberpet.ro\/stage\/wp-json\/wp\/v2\/product_brand?post=3906"},{"taxonomy":"product_cat","embeddable":true,"href":"https:\/\/faberpet.ro\/stage\/wp-json\/wp\/v2\/product_cat?post=3906"},{"taxonomy":"product_tag","embeddable":true,"href":"https:\/\/faberpet.ro\/stage\/wp-json\/wp\/v2\/product_tag?post=3906"}],"curies":[{"name":"wp","href":"https:\/\/api.w.org\/{rel}","templated":true}]}}