{"id":3908,"date":"2024-10-21T20:31:24","date_gmt":"2024-10-21T17:31:24","guid":{"rendered":"https:\/\/faberpet.ro\/stage\/produs\/medalion-labute-pentru-caini-3x3-cm-12-set\/"},"modified":"2025-03-17T14:57:38","modified_gmt":"2025-03-17T12:57:38","slug":"medalion-labute-pentru-caini-3x3-cm-12-set","status":"publish","type":"product","link":"https:\/\/faberpet.ro\/stage\/produs\/medalion-labute-pentru-caini-3x3-cm-12-set\/","title":{"rendered":"Medalion labute pentru caini 3&#215;3 cm 12 \/set"},"content":{"rendered":"<p>Ofer\u0103 prietenului t\u0103u cel mai credincios un accesoriu vesel. C\u00e2inii care poart\u0103 orice tip de medalion personalizate au \u0219anse mult mai mari s\u0103 se \u00eentoarc\u0103 acas\u0103. Se monteaz\u0103 pe zgarda c\u00e2inelui. Confec\u021bionat\u0103 din inox. Inel de prindere din inox inclus. Design foarte pl\u0103cut. Dimensiuni: 3&#215;3 cm. Se vinde ambalat c\u00e2te 12 buc\/set! Pre\u021bul afi\u0219at este per set!<\/p>\n","protected":false},"excerpt":{"rendered":"<p>Ofer\u0103 prietenului t\u0103u cel mai credincios un accesoriu vesel. C\u00e2inii care poart\u0103 orice tip de medalion personalizate au \u0219anse mult mai mari s\u0103 se \u00eentoarc\u0103 acas\u0103. Se monteaz\u0103 pe zgarda c\u00e2inelui. Confec\u021bionat\u0103 din inox. Inel de prindere din inox inclus. Design foarte pl\u0103cut. Dimensiuni: 3&#215;3 cm. Se vinde ambalat c\u00e2te 12 buc\/set! Pre\u021bul afi\u0219at este [&hellip;]<\/p>\n","protected":false},"featured_media":10820,"template":"","meta":[],"product_brand":[],"product_cat":[597,625,168,171],"product_tag":[630,690,691],"class_list":{"0":"post-3908","1":"product","2":"type-product","3":"status-publish","4":"has-post-thumbnail","6":"product_cat-accesorii","7":"product_cat-accesorii-pisici","8":"product_cat-caini","9":"product_cat-pisici","10":"product_tag-accesorii-caini","11":"product_tag-medalion-caini","12":"product_tag-papioane-caini","14":"first","15":"instock","16":"shipping-taxable","17":"purchasable","18":"product-type-simple"},"_links":{"self":[{"href":"https:\/\/faberpet.ro\/stage\/wp-json\/wp\/v2\/product\/3908","targetHints":{"allow":["GET"]}}],"collection":[{"href":"https:\/\/faberpet.ro\/stage\/wp-json\/wp\/v2\/product"}],"about":[{"href":"https:\/\/faberpet.ro\/stage\/wp-json\/wp\/v2\/types\/product"}],"wp:featuredmedia":[{"embeddable":true,"href":"https:\/\/faberpet.ro\/stage\/wp-json\/wp\/v2\/media\/10820"}],"wp:attachment":[{"href":"https:\/\/faberpet.ro\/stage\/wp-json\/wp\/v2\/media?parent=3908"}],"wp:term":[{"taxonomy":"product_brand","embeddable":true,"href":"https:\/\/faberpet.ro\/stage\/wp-json\/wp\/v2\/product_brand?post=3908"},{"taxonomy":"product_cat","embeddable":true,"href":"https:\/\/faberpet.ro\/stage\/wp-json\/wp\/v2\/product_cat?post=3908"},{"taxonomy":"product_tag","embeddable":true,"href":"https:\/\/faberpet.ro\/stage\/wp-json\/wp\/v2\/product_tag?post=3908"}],"curies":[{"name":"wp","href":"https:\/\/api.w.org\/{rel}","templated":true}]}}