{"id":3910,"date":"2024-10-21T20:31:24","date_gmt":"2024-10-21T17:31:24","guid":{"rendered":"https:\/\/faberpet.ro\/stage\/produs\/cleme-ornamentat-cu-papioane-12-perechi-5-5-cm-12-set\/"},"modified":"2025-08-01T10:21:20","modified_gmt":"2025-08-01T08:21:20","slug":"cleme-ornamentat-cu-papioane-12-perechi-5-5-cm-12-set","status":"publish","type":"product","link":"https:\/\/faberpet.ro\/stage\/produs\/cleme-ornamentat-cu-papioane-12-perechi-5-5-cm-12-set\/","title":{"rendered":"Cleme ornamentat cu papioane 12 perechi 5.5 cm 12 \/set"},"content":{"rendered":"<p>Ofer\u0103 prietenului t\u0103u cel mai credincios un accesoriu vesel. Se monteaz\u0103 pe zgard\u0103. Confec\u021bionat\u0103 din metal \u0219i polyester. \u00cen diferite nuan\u021be. Lungime 5. 5 cm. Se vinde ambalat c\u00e2te 12 buc\/set! Pre\u021bul afi\u0219at este per set!<\/p>\n","protected":false},"excerpt":{"rendered":"<p>Ofer\u0103 prietenului t\u0103u cel mai credincios un accesoriu vesel. Se monteaz\u0103 pe zgard\u0103. Confec\u021bionat\u0103 din metal \u0219i polyester. \u00cen diferite nuan\u021be. Lungime 5. 5 cm. Se vinde ambalat c\u00e2te 12 buc\/set! Pre\u021bul afi\u0219at este per set!<\/p>\n","protected":false},"featured_media":8869,"template":"","meta":[],"product_brand":[],"product_cat":[625,597,168,171],"product_tag":[630,689,688],"class_list":{"0":"post-3910","1":"product","2":"type-product","3":"status-publish","4":"has-post-thumbnail","6":"product_cat-accesorii-pisici","7":"product_cat-accesorii","8":"product_cat-caini","9":"product_cat-pisici","10":"product_tag-accesorii-caini","11":"product_tag-cravata-caini","12":"product_tag-zgarzi-caini","14":"first","15":"instock","16":"shipping-taxable","17":"purchasable","18":"product-type-simple"},"_links":{"self":[{"href":"https:\/\/faberpet.ro\/stage\/wp-json\/wp\/v2\/product\/3910","targetHints":{"allow":["GET"]}}],"collection":[{"href":"https:\/\/faberpet.ro\/stage\/wp-json\/wp\/v2\/product"}],"about":[{"href":"https:\/\/faberpet.ro\/stage\/wp-json\/wp\/v2\/types\/product"}],"wp:featuredmedia":[{"embeddable":true,"href":"https:\/\/faberpet.ro\/stage\/wp-json\/wp\/v2\/media\/8869"}],"wp:attachment":[{"href":"https:\/\/faberpet.ro\/stage\/wp-json\/wp\/v2\/media?parent=3910"}],"wp:term":[{"taxonomy":"product_brand","embeddable":true,"href":"https:\/\/faberpet.ro\/stage\/wp-json\/wp\/v2\/product_brand?post=3910"},{"taxonomy":"product_cat","embeddable":true,"href":"https:\/\/faberpet.ro\/stage\/wp-json\/wp\/v2\/product_cat?post=3910"},{"taxonomy":"product_tag","embeddable":true,"href":"https:\/\/faberpet.ro\/stage\/wp-json\/wp\/v2\/product_tag?post=3910"}],"curies":[{"name":"wp","href":"https:\/\/api.w.org\/{rel}","templated":true}]}}