{"id":3911,"date":"2024-10-21T20:31:24","date_gmt":"2024-10-21T17:31:24","guid":{"rendered":"https:\/\/faberpet.ro\/stage\/produs\/papion-elastica-mica-pentru-caini-12-perechi-4-cm-12-set\/"},"modified":"2026-01-26T14:25:06","modified_gmt":"2026-01-26T12:25:06","slug":"papion-elastica-mica-pentru-caini-12-perechi-4-cm-12-set","status":"publish","type":"product","link":"https:\/\/faberpet.ro\/stage\/produs\/papion-elastica-mica-pentru-caini-12-perechi-4-cm-12-set\/","title":{"rendered":"Fundita elastica pentru caini 12 perechi 4 cm 12 \/set"},"content":{"rendered":"<p>Ofer\u0103 prietenului t\u0103u cel mai credincios un accesoriu vesel. Se monteaz\u0103 pe zgard\u0103. Confec\u021bionat\u0103 din polyester. \u00cen diferite nuan\u021be. Lungime 4 cm.<\/p>\n<p>Se vinde ambalat c\u00e2te 12 perechi\/set!<\/p>\n<p>Pre\u021bul afi\u0219at este per set!<\/p>\n","protected":false},"excerpt":{"rendered":"<p>Ofer\u0103 prietenului t\u0103u cel mai credincios un accesoriu vesel. Se monteaz\u0103 pe zgard\u0103. Confec\u021bionat\u0103 din polyester. \u00cen diferite nuan\u021be. Lungime 4 cm. Se vinde ambalat c\u00e2te 12 perechi\/set! Pre\u021bul afi\u0219at este per set!<\/p>\n","protected":false},"featured_media":13161,"template":"","meta":[],"product_brand":[],"product_cat":[597,168],"product_tag":[630,689,691],"class_list":{"0":"post-3911","1":"product","2":"type-product","3":"status-publish","4":"has-post-thumbnail","6":"product_cat-accesorii","7":"product_cat-caini","8":"product_tag-accesorii-caini","9":"product_tag-cravata-caini","10":"product_tag-papioane-caini","12":"first","13":"instock","14":"shipping-taxable","15":"purchasable","16":"product-type-simple"},"_links":{"self":[{"href":"https:\/\/faberpet.ro\/stage\/wp-json\/wp\/v2\/product\/3911","targetHints":{"allow":["GET"]}}],"collection":[{"href":"https:\/\/faberpet.ro\/stage\/wp-json\/wp\/v2\/product"}],"about":[{"href":"https:\/\/faberpet.ro\/stage\/wp-json\/wp\/v2\/types\/product"}],"wp:featuredmedia":[{"embeddable":true,"href":"https:\/\/faberpet.ro\/stage\/wp-json\/wp\/v2\/media\/13161"}],"wp:attachment":[{"href":"https:\/\/faberpet.ro\/stage\/wp-json\/wp\/v2\/media?parent=3911"}],"wp:term":[{"taxonomy":"product_brand","embeddable":true,"href":"https:\/\/faberpet.ro\/stage\/wp-json\/wp\/v2\/product_brand?post=3911"},{"taxonomy":"product_cat","embeddable":true,"href":"https:\/\/faberpet.ro\/stage\/wp-json\/wp\/v2\/product_cat?post=3911"},{"taxonomy":"product_tag","embeddable":true,"href":"https:\/\/faberpet.ro\/stage\/wp-json\/wp\/v2\/product_tag?post=3911"}],"curies":[{"name":"wp","href":"https:\/\/api.w.org\/{rel}","templated":true}]}}