{"id":3912,"date":"2024-10-21T20:31:24","date_gmt":"2024-10-21T17:31:24","guid":{"rendered":"https:\/\/faberpet.ro\/stage\/produs\/ornamente-si-accesorii-ptr-par-caini-si-pisici-5-buc-set\/"},"modified":"2025-08-01T10:21:49","modified_gmt":"2025-08-01T08:21:49","slug":"ornamente-si-accesorii-ptr-par-caini-si-pisici-5-buc-set","status":"publish","type":"product","link":"https:\/\/faberpet.ro\/stage\/produs\/ornamente-si-accesorii-ptr-par-caini-si-pisici-5-buc-set\/","title":{"rendered":"Ornamente si accesorii ptr. par caini si pisici 5 buc\/set"},"content":{"rendered":"<p>Oferi\u021bi-i pisicii, c\u0103\u021belului sau altui animal de companie o imagine deosebit\u0103 cu ajutorul acestui set de prindere \u0219i aranjare p\u0103r. Toate clipsurile sunt \u00eembr\u0103cate \u00eentr- un material moale pentru a nu r\u0103ni pielea animalelor. Ideal pentru cadou. Pachetul con\u021bine:Clipsuri 5 buc\u0103\u021bi cu diferite form\u0103 (floricele, iepura\u0219, coroan\u0103, papion, etc. . . )<\/p>\n","protected":false},"excerpt":{"rendered":"<p>Oferi\u021bi-i pisicii, c\u0103\u021belului sau altui animal de companie o imagine deosebit\u0103 cu ajutorul acestui set de prindere \u0219i aranjare p\u0103r. Toate clipsurile sunt \u00eembr\u0103cate \u00eentr- un material moale pentru a nu r\u0103ni pielea animalelor. Ideal pentru cadou. Pachetul con\u021bine:Clipsuri 5 buc\u0103\u021bi cu diferite form\u0103 (floricele, iepura\u0219, coroan\u0103, papion, etc. . . )<\/p>\n","protected":false},"featured_media":8871,"template":"","meta":[],"product_brand":[],"product_cat":[597,625,168,171],"product_tag":[630,692,688],"class_list":{"0":"post-3912","1":"product","2":"type-product","3":"status-publish","4":"has-post-thumbnail","6":"product_cat-accesorii","7":"product_cat-accesorii-pisici","8":"product_cat-caini","9":"product_cat-pisici","10":"product_tag-accesorii-caini","11":"product_tag-ornamente-caini","12":"product_tag-zgarzi-caini","14":"first","15":"instock","16":"shipping-taxable","17":"purchasable","18":"product-type-simple"},"_links":{"self":[{"href":"https:\/\/faberpet.ro\/stage\/wp-json\/wp\/v2\/product\/3912","targetHints":{"allow":["GET"]}}],"collection":[{"href":"https:\/\/faberpet.ro\/stage\/wp-json\/wp\/v2\/product"}],"about":[{"href":"https:\/\/faberpet.ro\/stage\/wp-json\/wp\/v2\/types\/product"}],"wp:featuredmedia":[{"embeddable":true,"href":"https:\/\/faberpet.ro\/stage\/wp-json\/wp\/v2\/media\/8871"}],"wp:attachment":[{"href":"https:\/\/faberpet.ro\/stage\/wp-json\/wp\/v2\/media?parent=3912"}],"wp:term":[{"taxonomy":"product_brand","embeddable":true,"href":"https:\/\/faberpet.ro\/stage\/wp-json\/wp\/v2\/product_brand?post=3912"},{"taxonomy":"product_cat","embeddable":true,"href":"https:\/\/faberpet.ro\/stage\/wp-json\/wp\/v2\/product_cat?post=3912"},{"taxonomy":"product_tag","embeddable":true,"href":"https:\/\/faberpet.ro\/stage\/wp-json\/wp\/v2\/product_tag?post=3912"}],"curies":[{"name":"wp","href":"https:\/\/api.w.org\/{rel}","templated":true}]}}