{"id":3919,"date":"2024-10-21T20:31:25","date_gmt":"2024-10-21T17:31:25","guid":{"rendered":"https:\/\/faberpet.ro\/stage\/produs\/zgarda-antilatrat-cu-ultrasunet\/"},"modified":"2025-08-01T10:23:32","modified_gmt":"2025-08-01T08:23:32","slug":"zgarda-antilatrat-cu-ultrasunet","status":"publish","type":"product","link":"https:\/\/faberpet.ro\/stage\/produs\/zgarda-antilatrat-cu-ultrasunet\/","title":{"rendered":"Zgarda antilatrat cu ultrasunet"},"content":{"rendered":"<p>Func\u021bioneaz\u0103 pe baza de ultrasunete. Acestea sunt sunete de \u00eenalt\u0103 frecven\u021b\u0103, aproape imperceptibile urechii umane. Pentru c\u00e2ine, ultrasunetele pot fi deranjante. Zgarda anti- l\u0103trat cu ultrasunete este conceput\u0103 pentru a fi folosit\u0103 cu toate tipurile de c\u00e2ini, mici, mari, cu p\u0103r scurt \u0219i lung. Dispozitivul func\u021bioneaz\u0103 \u00een dou\u0103 regimuri:Regimul \u201eSunet\u201d (Audible) \u2013 sunet slab;Regimul \u201eUltrasunet\u201d (Ultrasonic) \u2013 sunet puternic;La l\u0103trat dispozitivul se activeaz\u0103. este realizat\u0103 din material textil elastic, rezistent (nylon), cu accesoriu de prindere din plastic. Nu este indicat\u0103 pentru \u00eenot, este doar impermeabil\u0103 la ploaie. Se poate ajusta la o circumferin\u021b\u0103 maxim\u0103 a g\u00e2tului de 50 centimetri. Se alimenteaz\u0103 cu: 2 buc. \u2013 baterii AG10. Inclus \u00een pachet.<\/p>\n","protected":false},"excerpt":{"rendered":"<p>Func\u021bioneaz\u0103 pe baza de ultrasunete. Acestea sunt sunete de \u00eenalt\u0103 frecven\u021b\u0103, aproape imperceptibile urechii umane. Pentru c\u00e2ine, ultrasunetele pot fi deranjante. Zgarda anti- l\u0103trat cu ultrasunete este conceput\u0103 pentru a fi folosit\u0103 cu toate tipurile de c\u00e2ini, mici, mari, cu p\u0103r scurt \u0219i lung. Dispozitivul func\u021bioneaz\u0103 \u00een dou\u0103 regimuri:Regimul \u201eSunet\u201d (Audible) \u2013 sunet slab;Regimul \u201eUltrasunet\u201d [&hellip;]<\/p>\n","protected":false},"featured_media":8879,"template":"","meta":[],"product_brand":[],"product_cat":[597,168],"product_tag":[694,695,688],"class_list":{"0":"post-3919","1":"product","2":"type-product","3":"status-publish","4":"has-post-thumbnail","6":"product_cat-accesorii","7":"product_cat-caini","8":"product_tag-zgarda-antilatrat","9":"product_tag-zgarda-cu-ultrasunet","10":"product_tag-zgarzi-caini","12":"first","13":"instock","14":"shipping-taxable","15":"purchasable","16":"product-type-simple"},"_links":{"self":[{"href":"https:\/\/faberpet.ro\/stage\/wp-json\/wp\/v2\/product\/3919","targetHints":{"allow":["GET"]}}],"collection":[{"href":"https:\/\/faberpet.ro\/stage\/wp-json\/wp\/v2\/product"}],"about":[{"href":"https:\/\/faberpet.ro\/stage\/wp-json\/wp\/v2\/types\/product"}],"wp:featuredmedia":[{"embeddable":true,"href":"https:\/\/faberpet.ro\/stage\/wp-json\/wp\/v2\/media\/8879"}],"wp:attachment":[{"href":"https:\/\/faberpet.ro\/stage\/wp-json\/wp\/v2\/media?parent=3919"}],"wp:term":[{"taxonomy":"product_brand","embeddable":true,"href":"https:\/\/faberpet.ro\/stage\/wp-json\/wp\/v2\/product_brand?post=3919"},{"taxonomy":"product_cat","embeddable":true,"href":"https:\/\/faberpet.ro\/stage\/wp-json\/wp\/v2\/product_cat?post=3919"},{"taxonomy":"product_tag","embeddable":true,"href":"https:\/\/faberpet.ro\/stage\/wp-json\/wp\/v2\/product_tag?post=3919"}],"curies":[{"name":"wp","href":"https:\/\/api.w.org\/{rel}","templated":true}]}}