{"id":3921,"date":"2024-10-21T20:31:25","date_gmt":"2024-10-21T17:31:25","guid":{"rendered":"https:\/\/faberpet.ro\/stage\/produs\/aparat-ultrasunete-impotriva-cainilor-agresivi-2\/"},"modified":"2025-08-01T10:23:58","modified_gmt":"2025-08-01T08:23:58","slug":"aparat-ultrasunete-impotriva-cainilor-agresivi-2","status":"publish","type":"product","link":"https:\/\/faberpet.ro\/stage\/produs\/aparat-ultrasunete-impotriva-cainilor-agresivi-2\/","title":{"rendered":"Aparat ultrasunete impotriva Cainilor Agresivi"},"content":{"rendered":"<p>Acest dispozitiv \u00eendep\u0103rteaz\u0103 c\u00e2inii cu ajutorul a doua difuzoare cu ultrasunete + flashuri de lumini. este ideal pentru dresajul canin dar \u0219i pentru a preveni atacurile c\u00e2inilor agresivi. Acest dispozitiv emite ultrasunete de 130 d B. Raza de ac\u021biune a aparatului: p\u00e2n\u0103 la 20 m;Frecven\u021ba: 20. 000 &#8211; 25. 000 Hz. Durata lung\u0103 de via\u021b\u0103 a LED- urilor;Dotat cu buton pentru selectarea modului de utilizare;Prezint\u0103 2 difuzoare. Alimentare cu o baterie de 9V, inclus\u0103 \u00een pachet. Aparatul \u00eempotritva c\u00e2inilor Dog Chaser are 3 func\u021bii:Lanterna + laser Dresaj pentru dresarea c\u00e2inilor;Alungare pentru a alunga c\u00e2inii.<\/p>\n","protected":false},"excerpt":{"rendered":"<p>Acest dispozitiv \u00eendep\u0103rteaz\u0103 c\u00e2inii cu ajutorul a doua difuzoare cu ultrasunete + flashuri de lumini. este ideal pentru dresajul canin dar \u0219i pentru a preveni atacurile c\u00e2inilor agresivi. Acest dispozitiv emite ultrasunete de 130 d B. Raza de ac\u021biune a aparatului: p\u00e2n\u0103 la 20 m;Frecven\u021ba: 20. 000 &#8211; 25. 000 Hz. Durata lung\u0103 de via\u021b\u0103 [&hellip;]<\/p>\n","protected":false},"featured_media":10821,"template":"","meta":[],"product_brand":[],"product_cat":[597,168],"product_tag":[698,697,696],"class_list":{"0":"post-3921","1":"product","2":"type-product","3":"status-publish","4":"has-post-thumbnail","6":"product_cat-accesorii","7":"product_cat-caini","8":"product_tag-ad-100","9":"product_tag-aparat-importriva-caini","10":"product_tag-aparat-ultrasunet","12":"first","13":"instock","14":"shipping-taxable","15":"purchasable","16":"product-type-simple"},"_links":{"self":[{"href":"https:\/\/faberpet.ro\/stage\/wp-json\/wp\/v2\/product\/3921","targetHints":{"allow":["GET"]}}],"collection":[{"href":"https:\/\/faberpet.ro\/stage\/wp-json\/wp\/v2\/product"}],"about":[{"href":"https:\/\/faberpet.ro\/stage\/wp-json\/wp\/v2\/types\/product"}],"wp:featuredmedia":[{"embeddable":true,"href":"https:\/\/faberpet.ro\/stage\/wp-json\/wp\/v2\/media\/10821"}],"wp:attachment":[{"href":"https:\/\/faberpet.ro\/stage\/wp-json\/wp\/v2\/media?parent=3921"}],"wp:term":[{"taxonomy":"product_brand","embeddable":true,"href":"https:\/\/faberpet.ro\/stage\/wp-json\/wp\/v2\/product_brand?post=3921"},{"taxonomy":"product_cat","embeddable":true,"href":"https:\/\/faberpet.ro\/stage\/wp-json\/wp\/v2\/product_cat?post=3921"},{"taxonomy":"product_tag","embeddable":true,"href":"https:\/\/faberpet.ro\/stage\/wp-json\/wp\/v2\/product_tag?post=3921"}],"curies":[{"name":"wp","href":"https:\/\/api.w.org\/{rel}","templated":true}]}}