{"id":3922,"date":"2024-10-21T20:31:25","date_gmt":"2024-10-21T17:31:25","guid":{"rendered":"https:\/\/faberpet.ro\/stage\/produs\/accesorii-cuplaj-lese-la-centura-de-siguranta-auto\/"},"modified":"2025-08-01T10:24:11","modified_gmt":"2025-08-01T08:24:11","slug":"accesorii-cuplaj-lese-la-centura-de-siguranta-auto","status":"publish","type":"product","link":"https:\/\/faberpet.ro\/stage\/produs\/accesorii-cuplaj-lese-la-centura-de-siguranta-auto\/","title":{"rendered":"Accesorii cuplaj lese la centura de siguranta auto"},"content":{"rendered":"<p>Este un dispozitiv special creat pentru ma\u0219ina dumneavoastr\u0103, ce se \u00eentroduce \u00een loca\u0219ul centurii de siguran\u021b\u0103 propriuzise cea fixat\u0103 \u00een podea sau \u00een lateralele scaunelor din fa\u021b\u0103 pentru a oferi siguran\u021b\u0103 pentru patrupedul dvs. Blocator din metal cromat. Lungime 10 cm.<\/p>\n","protected":false},"excerpt":{"rendered":"<p>Este un dispozitiv special creat pentru ma\u0219ina dumneavoastr\u0103, ce se \u00eentroduce \u00een loca\u0219ul centurii de siguran\u021b\u0103 propriuzise cea fixat\u0103 \u00een podea sau \u00een lateralele scaunelor din fa\u021b\u0103 pentru a oferi siguran\u021b\u0103 pentru patrupedul dvs. Blocator din metal cromat. Lungime 10 cm.<\/p>\n","protected":false},"featured_media":8883,"template":"","meta":[],"product_brand":[],"product_cat":[597,168],"product_tag":[630,699,700],"class_list":{"0":"post-3922","1":"product","2":"type-product","3":"status-publish","4":"has-post-thumbnail","6":"product_cat-accesorii","7":"product_cat-caini","8":"product_tag-accesorii-caini","9":"product_tag-accesorii-lese","10":"product_tag-centura-de-siguranta","12":"first","13":"instock","14":"shipping-taxable","15":"purchasable","16":"product-type-simple"},"_links":{"self":[{"href":"https:\/\/faberpet.ro\/stage\/wp-json\/wp\/v2\/product\/3922","targetHints":{"allow":["GET"]}}],"collection":[{"href":"https:\/\/faberpet.ro\/stage\/wp-json\/wp\/v2\/product"}],"about":[{"href":"https:\/\/faberpet.ro\/stage\/wp-json\/wp\/v2\/types\/product"}],"wp:featuredmedia":[{"embeddable":true,"href":"https:\/\/faberpet.ro\/stage\/wp-json\/wp\/v2\/media\/8883"}],"wp:attachment":[{"href":"https:\/\/faberpet.ro\/stage\/wp-json\/wp\/v2\/media?parent=3922"}],"wp:term":[{"taxonomy":"product_brand","embeddable":true,"href":"https:\/\/faberpet.ro\/stage\/wp-json\/wp\/v2\/product_brand?post=3922"},{"taxonomy":"product_cat","embeddable":true,"href":"https:\/\/faberpet.ro\/stage\/wp-json\/wp\/v2\/product_cat?post=3922"},{"taxonomy":"product_tag","embeddable":true,"href":"https:\/\/faberpet.ro\/stage\/wp-json\/wp\/v2\/product_tag?post=3922"}],"curies":[{"name":"wp","href":"https:\/\/api.w.org\/{rel}","templated":true}]}}