{"id":3924,"date":"2024-10-21T20:31:25","date_gmt":"2024-10-21T17:31:25","guid":{"rendered":"https:\/\/faberpet.ro\/stage\/produs\/cusca-transport-pentru-caini-si-pisici-48x32x32-cm\/"},"modified":"2026-01-15T10:26:51","modified_gmt":"2026-01-15T08:26:51","slug":"cusca-transport-pentru-caini-si-pisici-48x32x32-cm","status":"publish","type":"product","link":"https:\/\/faberpet.ro\/stage\/produs\/cusca-transport-pentru-caini-si-pisici-48x32x32-cm\/","title":{"rendered":"Cusca transport pentru caini si pisici 48x32x25 cm"},"content":{"rendered":"<p>Cu\u0219c\u0103 din plastic pentru transportul pisicilor \u0219i al c\u0103\u021beilor de talie mic\u0103. Cu\u0219ca \u00eei ofer\u0103 c\u00e2inelui \u0219i pisicului extra siguran\u021b\u0103 \u00een timpul c\u0103l\u0103toriilor scurte sau lungi, datorit\u0103 \u00eencuietorului. De preferin\u021b\u0103 ad\u0103p\u0103torul se ata\u0219eaz\u0103 pe grilajul u\u0219ii frontale. Cu\u0219ca este dotat\u0103 cu un m\u00e2ner. Dimensiuni: Lungime: 48 \u00d7 32 \u00d7 25 cm. Greutate cu\u0219c\u0103: 0, 5 kg. Greutate de animalu\u021b p\u00e2n\u0103 la 5 kg! Dup\u0103 folosire se cur\u0103\u021b\u0103 cu jet de ap\u0103. Nu utiliza\u021bi detergen\u021bi solizi! Risca\u021bi s\u0103 zg\u00e2ria\u021bi produsul. IMPORTANT: Acest produs este disponibil \u00een diverse culori, a\u0219adar nu putem garanta livrarea unei anumite culori.<\/p>\n","protected":false},"excerpt":{"rendered":"<p>Cu\u0219c\u0103 din plastic pentru transportul pisicilor \u0219i al c\u0103\u021beilor de talie mic\u0103. Cu\u0219ca \u00eei ofer\u0103 c\u00e2inelui \u0219i pisicului extra siguran\u021b\u0103 \u00een timpul c\u0103l\u0103toriilor scurte sau lungi, datorit\u0103 \u00eencuietorului. De preferin\u021b\u0103 ad\u0103p\u0103torul se ata\u0219eaz\u0103 pe grilajul u\u0219ii frontale. Cu\u0219ca este dotat\u0103 cu un m\u00e2ner. Dimensiuni: Lungime: 48 \u00d7 32 \u00d7 25 cm. Greutate cu\u0219c\u0103: 0, 5 [&hellip;]<\/p>\n","protected":false},"featured_media":13503,"template":"","meta":[],"product_brand":[],"product_cat":[168,705,704,706,171],"product_tag":[701,702,703],"class_list":{"0":"post-3924","1":"product","2":"type-product","3":"status-publish","4":"has-post-thumbnail","6":"product_cat-caini","7":"product_cat-custi","8":"product_cat-custi-si-genti-de-transport","9":"product_cat-custi-si-genti-de-transport-pisici","10":"product_cat-pisici","11":"product_tag-cusca-de-pisici","12":"product_tag-cusca-pt-caini","13":"product_tag-transport-caine","15":"first","16":"instock","17":"shipping-taxable","18":"purchasable","19":"product-type-simple"},"_links":{"self":[{"href":"https:\/\/faberpet.ro\/stage\/wp-json\/wp\/v2\/product\/3924","targetHints":{"allow":["GET"]}}],"collection":[{"href":"https:\/\/faberpet.ro\/stage\/wp-json\/wp\/v2\/product"}],"about":[{"href":"https:\/\/faberpet.ro\/stage\/wp-json\/wp\/v2\/types\/product"}],"wp:featuredmedia":[{"embeddable":true,"href":"https:\/\/faberpet.ro\/stage\/wp-json\/wp\/v2\/media\/13503"}],"wp:attachment":[{"href":"https:\/\/faberpet.ro\/stage\/wp-json\/wp\/v2\/media?parent=3924"}],"wp:term":[{"taxonomy":"product_brand","embeddable":true,"href":"https:\/\/faberpet.ro\/stage\/wp-json\/wp\/v2\/product_brand?post=3924"},{"taxonomy":"product_cat","embeddable":true,"href":"https:\/\/faberpet.ro\/stage\/wp-json\/wp\/v2\/product_cat?post=3924"},{"taxonomy":"product_tag","embeddable":true,"href":"https:\/\/faberpet.ro\/stage\/wp-json\/wp\/v2\/product_tag?post=3924"}],"curies":[{"name":"wp","href":"https:\/\/api.w.org\/{rel}","templated":true}]}}