{"id":3929,"date":"2024-10-21T20:31:26","date_gmt":"2024-10-21T17:31:26","guid":{"rendered":"https:\/\/faberpet.ro\/stage\/produs\/cusca-transport-pentru-caini-81x57x59\/"},"modified":"2025-08-01T10:26:10","modified_gmt":"2025-08-01T08:26:10","slug":"cusca-transport-pentru-caini-81x57x59","status":"publish","type":"product","link":"https:\/\/faberpet.ro\/stage\/produs\/cusca-transport-pentru-caini-81x57x59\/","title":{"rendered":"Cusca transport pentru caini 81x57x59"},"content":{"rendered":"<p>Cu\u0219ca \u00eei ofer\u0103 c\u00e2inelui extra siguran\u021b\u0103 \u00een timpul c\u0103l\u0103toriilor scurte sau lungi, datorit\u0103 \u00eencuietorului. De preferin\u021b\u0103 ad\u0103p\u0103torul se ata\u0219eaz\u0103 pe grilajul u\u0219ii frontale. Pentru un plus de siguran\u021b\u0103, acestea sunt dotate cu \u0219uruburi metalice, care men\u021bin cu\u0219ca mult mai stabil\u0103 chiar \u0219i \u00een timpul deplas\u0103rilor lungi sau pentru transport aerian. Cu\u0219ca este dotat\u0103 cu dou\u0103 m\u00e2nere \u0219i cu patru ro\u021bi, astfel excelent pentru tractarea transportului. Dimensiuni: Lungime: 81 \u00d7 l\u0103\u021bime: 57 \u00d7 \u00een\u0103l\u021bime: 59 cm Greutate cu\u0219c\u0103: 4 kg Dup\u0103 folosire se cur\u0103\u021b\u0103 cu jet de ap\u0103. Nu utiliza\u021bi detergen\u021bi solizi! Risca\u021bi s\u0103 zg\u00e2ria\u021bi produsul.<\/p>\n","protected":false},"excerpt":{"rendered":"<p>Cu\u0219ca \u00eei ofer\u0103 c\u00e2inelui extra siguran\u021b\u0103 \u00een timpul c\u0103l\u0103toriilor scurte sau lungi, datorit\u0103 \u00eencuietorului. De preferin\u021b\u0103 ad\u0103p\u0103torul se ata\u0219eaz\u0103 pe grilajul u\u0219ii frontale. Pentru un plus de siguran\u021b\u0103, acestea sunt dotate cu \u0219uruburi metalice, care men\u021bin cu\u0219ca mult mai stabil\u0103 chiar \u0219i \u00een timpul deplas\u0103rilor lungi sau pentru transport aerian. Cu\u0219ca este dotat\u0103 cu dou\u0103 [&hellip;]<\/p>\n","protected":false},"featured_media":8890,"template":"","meta":[],"product_brand":[],"product_cat":[168,705,704],"product_tag":[712,714,713],"class_list":{"0":"post-3929","1":"product","2":"type-product","3":"status-publish","4":"has-post-thumbnail","6":"product_cat-caini","7":"product_cat-custi","8":"product_cat-custi-si-genti-de-transport","9":"product_tag-cusca-transport-avion","10":"product_tag-transport-avion","11":"product_tag-transport-caini","13":"first","14":"instock","15":"shipping-taxable","16":"purchasable","17":"product-type-simple"},"_links":{"self":[{"href":"https:\/\/faberpet.ro\/stage\/wp-json\/wp\/v2\/product\/3929","targetHints":{"allow":["GET"]}}],"collection":[{"href":"https:\/\/faberpet.ro\/stage\/wp-json\/wp\/v2\/product"}],"about":[{"href":"https:\/\/faberpet.ro\/stage\/wp-json\/wp\/v2\/types\/product"}],"wp:featuredmedia":[{"embeddable":true,"href":"https:\/\/faberpet.ro\/stage\/wp-json\/wp\/v2\/media\/8890"}],"wp:attachment":[{"href":"https:\/\/faberpet.ro\/stage\/wp-json\/wp\/v2\/media?parent=3929"}],"wp:term":[{"taxonomy":"product_brand","embeddable":true,"href":"https:\/\/faberpet.ro\/stage\/wp-json\/wp\/v2\/product_brand?post=3929"},{"taxonomy":"product_cat","embeddable":true,"href":"https:\/\/faberpet.ro\/stage\/wp-json\/wp\/v2\/product_cat?post=3929"},{"taxonomy":"product_tag","embeddable":true,"href":"https:\/\/faberpet.ro\/stage\/wp-json\/wp\/v2\/product_tag?post=3929"}],"curies":[{"name":"wp","href":"https:\/\/api.w.org\/{rel}","templated":true}]}}