{"id":3930,"date":"2024-10-21T20:31:26","date_gmt":"2024-10-21T17:31:26","guid":{"rendered":"https:\/\/faberpet.ro\/stage\/produs\/cusca-transport-pentru-caini-si-pisici-100x66x72-cm\/"},"modified":"2026-01-15T12:23:29","modified_gmt":"2026-01-15T10:23:29","slug":"cusca-transport-pentru-caini-si-pisici-100x66x72-cm","status":"publish","type":"product","link":"https:\/\/faberpet.ro\/stage\/produs\/cusca-transport-pentru-caini-si-pisici-100x66x72-cm\/","title":{"rendered":"Cusca transport pentru caini si pisici 100x67x72 cm"},"content":{"rendered":"<p>Cu\u0219ca \u00eei ofer\u0103 c\u00e2inelui \u0219i pisicului extra siguran\u021b\u0103 \u00een timpul c\u0103l\u0103toriilor scurte sau lungi, datorit\u0103 \u00eencuietorului. De preferin\u021b\u0103 ad\u0103p\u0103torul se ata\u0219eaz\u0103 pe grilajul u\u0219ii frontale. Pentru un plus de siguran\u021b\u0103, acestea sunt dotate cu \u0219uruburi metalice, care men\u021bin cu\u0219ca mult mai stabil\u0103 chiar \u0219i \u00een timpul deplas\u0103rilor lungi sau pentru transport aerian. Cu\u0219ca este dotat\u0103 cu un m\u00e2ner. Greutate cu\u0219c\u0103: 3 kg Dup\u0103 folosire se cur\u0103\u021b\u0103 cu jet de ap\u0103. Culoarea poate varia.<\/p>\n<p>Dimensiuni: Lungime: 100 \u00d7 l\u0103\u021bime: 67 \u00d7 \u00een\u0103l\u021bime: 72 cm<\/p>\n<p>Nu utiliza\u021bi detergen\u021bi solizi! Risca\u021bi s\u0103 zg\u00e2ria\u021bi produsul.<\/p>\n","protected":false},"excerpt":{"rendered":"<p>Cu\u0219ca \u00eei ofer\u0103 c\u00e2inelui \u0219i pisicului extra siguran\u021b\u0103 \u00een timpul c\u0103l\u0103toriilor scurte sau lungi, datorit\u0103 \u00eencuietorului. De preferin\u021b\u0103 ad\u0103p\u0103torul se ata\u0219eaz\u0103 pe grilajul u\u0219ii frontale. Pentru un plus de siguran\u021b\u0103, acestea sunt dotate cu \u0219uruburi metalice, care men\u021bin cu\u0219ca mult mai stabil\u0103 chiar \u0219i \u00een timpul deplas\u0103rilor lungi sau pentru transport aerian. Cu\u0219ca este dotat\u0103 [&hellip;]<\/p>\n","protected":false},"featured_media":8891,"template":"","meta":[],"product_brand":[],"product_cat":[168,705,704],"product_tag":[708,709,707],"class_list":{"0":"post-3930","1":"product","2":"type-product","3":"status-publish","4":"has-post-thumbnail","6":"product_cat-caini","7":"product_cat-custi","8":"product_cat-custi-si-genti-de-transport","9":"product_tag-cusca-pentru-pisici","10":"product_tag-cusca-transport-caini","11":"product_tag-cusca-transport-pisici","13":"first","14":"instock","15":"shipping-taxable","16":"purchasable","17":"product-type-simple"},"_links":{"self":[{"href":"https:\/\/faberpet.ro\/stage\/wp-json\/wp\/v2\/product\/3930","targetHints":{"allow":["GET"]}}],"collection":[{"href":"https:\/\/faberpet.ro\/stage\/wp-json\/wp\/v2\/product"}],"about":[{"href":"https:\/\/faberpet.ro\/stage\/wp-json\/wp\/v2\/types\/product"}],"wp:featuredmedia":[{"embeddable":true,"href":"https:\/\/faberpet.ro\/stage\/wp-json\/wp\/v2\/media\/8891"}],"wp:attachment":[{"href":"https:\/\/faberpet.ro\/stage\/wp-json\/wp\/v2\/media?parent=3930"}],"wp:term":[{"taxonomy":"product_brand","embeddable":true,"href":"https:\/\/faberpet.ro\/stage\/wp-json\/wp\/v2\/product_brand?post=3930"},{"taxonomy":"product_cat","embeddable":true,"href":"https:\/\/faberpet.ro\/stage\/wp-json\/wp\/v2\/product_cat?post=3930"},{"taxonomy":"product_tag","embeddable":true,"href":"https:\/\/faberpet.ro\/stage\/wp-json\/wp\/v2\/product_tag?post=3930"}],"curies":[{"name":"wp","href":"https:\/\/api.w.org\/{rel}","templated":true}]}}