{"id":3933,"date":"2024-10-21T20:31:27","date_gmt":"2024-10-21T17:31:27","guid":{"rendered":"https:\/\/faberpet.ro\/stage\/produs\/rucsac-transport-animale-cu-vizor-433327-cm\/"},"modified":"2025-08-01T10:28:11","modified_gmt":"2025-08-01T08:28:11","slug":"rucsac-transport-animale-cu-vizor-433327-cm","status":"publish","type":"product","link":"https:\/\/faberpet.ro\/stage\/produs\/rucsac-transport-animale-cu-vizor-433327-cm\/","title":{"rendered":"Rucsac transport animale cu vizor 43*33*27 cm"},"content":{"rendered":"<p>Rucsac inedit pentru transportul pisicilor sau c\u0103\u021beilor de talie mica (4- 5kg). Hubloul, fabricat din material transparent \u0219i rezistent, permite patrupedului s\u0103 exploreze \u00eemprejurimile a\u0219a cum nu a mai f\u0103cut- o vreodat\u0103. Pachetul include \u0219i o gril\u0103 de plastic ce poate fi montat\u0103 \u00een locul hubloului. Fabricat din material premium, durabil, respirabil \u0219i confortabil;Perfect pentru c\u0103l\u0103torii, plimb\u0103ri \u0219i drume\u021bii. Transportul \u00een rucsac fa\u021b\u0103 de o cu\u0219c\u0103 de m\u00e2n\u0103 este mult mai u\u0219or pentru tine;Covor deta\u0219abil, u\u0219or de cur\u0103\u021bat, mai igienic;Dimensiune: 43 x 33 x 27 cm;<\/p>\n","protected":false},"excerpt":{"rendered":"<p>Rucsac inedit pentru transportul pisicilor sau c\u0103\u021beilor de talie mica (4- 5kg). Hubloul, fabricat din material transparent \u0219i rezistent, permite patrupedului s\u0103 exploreze \u00eemprejurimile a\u0219a cum nu a mai f\u0103cut- o vreodat\u0103. Pachetul include \u0219i o gril\u0103 de plastic ce poate fi montat\u0103 \u00een locul hubloului. Fabricat din material premium, durabil, respirabil \u0219i confortabil;Perfect pentru [&hellip;]<\/p>\n","protected":false},"featured_media":8896,"template":"","meta":[],"product_brand":[],"product_cat":[168,704,718],"product_tag":[716,715,717],"class_list":{"0":"post-3933","1":"product","2":"type-product","3":"status-publish","4":"has-post-thumbnail","6":"product_cat-caini","7":"product_cat-custi-si-genti-de-transport","8":"product_cat-genti-de-transport","9":"product_tag-geanta-transport","10":"product_tag-geanta-transport-animale","11":"product_tag-rucsac-transport-animale","13":"first","14":"instock","15":"shipping-taxable","16":"purchasable","17":"product-type-simple"},"_links":{"self":[{"href":"https:\/\/faberpet.ro\/stage\/wp-json\/wp\/v2\/product\/3933","targetHints":{"allow":["GET"]}}],"collection":[{"href":"https:\/\/faberpet.ro\/stage\/wp-json\/wp\/v2\/product"}],"about":[{"href":"https:\/\/faberpet.ro\/stage\/wp-json\/wp\/v2\/types\/product"}],"wp:featuredmedia":[{"embeddable":true,"href":"https:\/\/faberpet.ro\/stage\/wp-json\/wp\/v2\/media\/8896"}],"wp:attachment":[{"href":"https:\/\/faberpet.ro\/stage\/wp-json\/wp\/v2\/media?parent=3933"}],"wp:term":[{"taxonomy":"product_brand","embeddable":true,"href":"https:\/\/faberpet.ro\/stage\/wp-json\/wp\/v2\/product_brand?post=3933"},{"taxonomy":"product_cat","embeddable":true,"href":"https:\/\/faberpet.ro\/stage\/wp-json\/wp\/v2\/product_cat?post=3933"},{"taxonomy":"product_tag","embeddable":true,"href":"https:\/\/faberpet.ro\/stage\/wp-json\/wp\/v2\/product_tag?post=3933"}],"curies":[{"name":"wp","href":"https:\/\/api.w.org\/{rel}","templated":true}]}}