{"id":3939,"date":"2024-10-21T20:31:28","date_gmt":"2024-10-21T17:31:28","guid":{"rendered":"https:\/\/faberpet.ro\/stage\/produs\/gentuta-umar-pentru-animale-mici-392412-cm\/"},"modified":"2025-08-01T10:30:06","modified_gmt":"2025-08-01T08:30:06","slug":"gentuta-umar-pentru-animale-mici-392412-cm","status":"publish","type":"product","link":"https:\/\/faberpet.ro\/stage\/produs\/gentuta-umar-pentru-animale-mici-392412-cm\/","title":{"rendered":"Gentuta umar pentru animale mici 39*24*12 cm"},"content":{"rendered":"<p>Ideal\u0103 pentru rasele de talie mic\u0103 &#8211; chihuahua, terrieri, brifoni etc. \u021aine\u021bi- v\u0103 mereu aproape anim\u0103lu\u021bul \u0219i ajuta\u021bi- l s\u0103 mearg\u0103 mai departe cu Dvs. , chiar dac\u0103 este obosit. U\u0219or de \u00eentre\u021binut, este lavabil la o temperatur\u0103 de max. 30\u00b0 C. Materialul sus\u021bine circula\u021bia corect\u0103 a aerului. Capacitatea recomandat\u0103 4 kg. Dimensiuni: 39*24*12 cm, lungimea curelei 85 cm;IMPORTANT: Acest produs este disponibil \u00een diverse culori, a\u0219adar nu putem garanta livrarea unei anumite culori.<\/p>\n","protected":false},"excerpt":{"rendered":"<p>Ideal\u0103 pentru rasele de talie mic\u0103 &#8211; chihuahua, terrieri, brifoni etc. \u021aine\u021bi- v\u0103 mereu aproape anim\u0103lu\u021bul \u0219i ajuta\u021bi- l s\u0103 mearg\u0103 mai departe cu Dvs. , chiar dac\u0103 este obosit. U\u0219or de \u00eentre\u021binut, este lavabil la o temperatur\u0103 de max. 30\u00b0 C. Materialul sus\u021bine circula\u021bia corect\u0103 a aerului. Capacitatea recomandat\u0103 4 kg. Dimensiuni: 39*24*12 cm, [&hellip;]<\/p>\n","protected":false},"featured_media":8904,"template":"","meta":[],"product_brand":[],"product_cat":[168,704,706,718,171],"product_tag":[725,726,724],"class_list":{"0":"post-3939","1":"product","2":"type-product","3":"status-publish","4":"has-post-thumbnail","6":"product_cat-caini","7":"product_cat-custi-si-genti-de-transport","8":"product_cat-custi-si-genti-de-transport-pisici","9":"product_cat-genti-de-transport","10":"product_cat-pisici","11":"product_tag-culcus-caine","12":"product_tag-gentuta-transport","13":"product_tag-gentuta-umar","15":"first","16":"instock","17":"shipping-taxable","18":"purchasable","19":"product-type-simple"},"_links":{"self":[{"href":"https:\/\/faberpet.ro\/stage\/wp-json\/wp\/v2\/product\/3939","targetHints":{"allow":["GET"]}}],"collection":[{"href":"https:\/\/faberpet.ro\/stage\/wp-json\/wp\/v2\/product"}],"about":[{"href":"https:\/\/faberpet.ro\/stage\/wp-json\/wp\/v2\/types\/product"}],"wp:featuredmedia":[{"embeddable":true,"href":"https:\/\/faberpet.ro\/stage\/wp-json\/wp\/v2\/media\/8904"}],"wp:attachment":[{"href":"https:\/\/faberpet.ro\/stage\/wp-json\/wp\/v2\/media?parent=3939"}],"wp:term":[{"taxonomy":"product_brand","embeddable":true,"href":"https:\/\/faberpet.ro\/stage\/wp-json\/wp\/v2\/product_brand?post=3939"},{"taxonomy":"product_cat","embeddable":true,"href":"https:\/\/faberpet.ro\/stage\/wp-json\/wp\/v2\/product_cat?post=3939"},{"taxonomy":"product_tag","embeddable":true,"href":"https:\/\/faberpet.ro\/stage\/wp-json\/wp\/v2\/product_tag?post=3939"}],"curies":[{"name":"wp","href":"https:\/\/api.w.org\/{rel}","templated":true}]}}