{"id":3942,"date":"2024-10-21T20:31:28","date_gmt":"2024-10-21T17:31:28","guid":{"rendered":"https:\/\/faberpet.ro\/stage\/produs\/geanta-de-transport-animale-pentru-masina-424025-cm\/"},"modified":"2025-08-01T10:47:22","modified_gmt":"2025-08-01T08:47:22","slug":"geanta-de-transport-animale-pentru-masina-424025-cm","status":"publish","type":"product","link":"https:\/\/faberpet.ro\/stage\/produs\/geanta-de-transport-animale-pentru-masina-424025-cm\/","title":{"rendered":"Geanta de transport animale pentru ma\u0219in\u0103 42*40*25 cm"},"content":{"rendered":"<p>Este o geant\u0103 de transport realizat\u0103 din polyester rezistent, echipat\u0103 cu orificii foarte utile pentru asigurarea unei ventila\u021bii corespunz\u0103toare \u00een interior. Cea mai bun\u0103 modalitate de a c\u0103l\u0103tori cu animalele de companie \u00een mod confortabil \u0219i \u00een siguran\u021b\u0103. Accesoriul perfect pentru transportul animalelor de talie mic\u0103 sau medie. Se instaleaz\u0103 u\u0219or \u0219i rapid pe bancheta din spate sau pe scaunul din fa\u021b\u0103 al ma\u0219inii;Curele reglabile pentru fixare pe scaunul ma\u0219inii;Buzunar spa\u021bios \u0219i practic pentru depozitarea obiectelor esen\u021biale;Forma ergonomic\u0103, confortabil\u0103. Dimensiuni: 42 \u00d7 40 \u00d7 25 cm.<\/p>\n","protected":false},"excerpt":{"rendered":"<p>Este o geant\u0103 de transport realizat\u0103 din polyester rezistent, echipat\u0103 cu orificii foarte utile pentru asigurarea unei ventila\u021bii corespunz\u0103toare \u00een interior. Cea mai bun\u0103 modalitate de a c\u0103l\u0103tori cu animalele de companie \u00een mod confortabil \u0219i \u00een siguran\u021b\u0103. Accesoriul perfect pentru transportul animalelor de talie mic\u0103 sau medie. Se instaleaz\u0103 u\u0219or \u0219i rapid pe bancheta [&hellip;]<\/p>\n","protected":false},"featured_media":8911,"template":"","meta":[],"product_brand":[],"product_cat":[168,704,718],"product_tag":[715,720,719],"class_list":{"0":"post-3942","1":"product","2":"type-product","3":"status-publish","4":"has-post-thumbnail","6":"product_cat-caini","7":"product_cat-custi-si-genti-de-transport","8":"product_cat-genti-de-transport","9":"product_tag-geanta-transport-animale","10":"product_tag-geanta-transport-caini","11":"product_tag-transport-pentru-caini","13":"first","14":"instock","15":"shipping-taxable","16":"purchasable","17":"product-type-simple"},"_links":{"self":[{"href":"https:\/\/faberpet.ro\/stage\/wp-json\/wp\/v2\/product\/3942","targetHints":{"allow":["GET"]}}],"collection":[{"href":"https:\/\/faberpet.ro\/stage\/wp-json\/wp\/v2\/product"}],"about":[{"href":"https:\/\/faberpet.ro\/stage\/wp-json\/wp\/v2\/types\/product"}],"wp:featuredmedia":[{"embeddable":true,"href":"https:\/\/faberpet.ro\/stage\/wp-json\/wp\/v2\/media\/8911"}],"wp:attachment":[{"href":"https:\/\/faberpet.ro\/stage\/wp-json\/wp\/v2\/media?parent=3942"}],"wp:term":[{"taxonomy":"product_brand","embeddable":true,"href":"https:\/\/faberpet.ro\/stage\/wp-json\/wp\/v2\/product_brand?post=3942"},{"taxonomy":"product_cat","embeddable":true,"href":"https:\/\/faberpet.ro\/stage\/wp-json\/wp\/v2\/product_cat?post=3942"},{"taxonomy":"product_tag","embeddable":true,"href":"https:\/\/faberpet.ro\/stage\/wp-json\/wp\/v2\/product_tag?post=3942"}],"curies":[{"name":"wp","href":"https:\/\/api.w.org\/{rel}","templated":true}]}}