{"id":3943,"date":"2024-10-21T20:31:28","date_gmt":"2024-10-21T17:31:28","guid":{"rendered":"https:\/\/faberpet.ro\/stage\/produs\/geanta-de-transport-animale-extensibila-s-322022-cm\/"},"modified":"2025-08-01T10:47:36","modified_gmt":"2025-08-01T08:47:36","slug":"geanta-de-transport-animale-extensibila-s-322022-cm","status":"publish","type":"product","link":"https:\/\/faberpet.ro\/stage\/produs\/geanta-de-transport-animale-extensibila-s-322022-cm\/","title":{"rendered":"Geanta de transport animale extensibila S 32*20*22 cm"},"content":{"rendered":"<p>Este u\u0219or de asamblat iar c\u00e2nd nu este asamblat\u0103, se poate transporta cu u\u0219urin\u021b\u0103 datorit\u0103 dimensiunilor mici. Accesoriul perfect pentru transportul animalelor de talie mic\u0103. Prezint\u0103 orificii de aerisire. este dotat\u0103 cu m\u00e2ner. Accesul animalului de companie se poate face prin partea lateral\u0103 sau \u00een cazul \u00een care acesta este de dimensiuni mici, prin partea frontala. Forma ergonomic\u0103, confortabil\u0103. Dimensiuni: 32*20*22 cm;IMPORTANT: Acest produs este disponibil \u00een diverse culori, a\u0219adar nu putem garanta livrarea unei anumite culori.<\/p>\n","protected":false},"excerpt":{"rendered":"<p>Este u\u0219or de asamblat iar c\u00e2nd nu este asamblat\u0103, se poate transporta cu u\u0219urin\u021b\u0103 datorit\u0103 dimensiunilor mici. Accesoriul perfect pentru transportul animalelor de talie mic\u0103. Prezint\u0103 orificii de aerisire. este dotat\u0103 cu m\u00e2ner. Accesul animalului de companie se poate face prin partea lateral\u0103 sau \u00een cazul \u00een care acesta este de dimensiuni mici, prin partea [&hellip;]<\/p>\n","protected":false},"featured_media":8913,"template":"","meta":[],"product_brand":[],"product_cat":[168,704,706,718,171],"product_tag":[715,720,719],"class_list":{"0":"post-3943","1":"product","2":"type-product","3":"status-publish","4":"has-post-thumbnail","6":"product_cat-caini","7":"product_cat-custi-si-genti-de-transport","8":"product_cat-custi-si-genti-de-transport-pisici","9":"product_cat-genti-de-transport","10":"product_cat-pisici","11":"product_tag-geanta-transport-animale","12":"product_tag-geanta-transport-caini","13":"product_tag-transport-pentru-caini","15":"first","16":"instock","17":"shipping-taxable","18":"purchasable","19":"product-type-simple"},"_links":{"self":[{"href":"https:\/\/faberpet.ro\/stage\/wp-json\/wp\/v2\/product\/3943","targetHints":{"allow":["GET"]}}],"collection":[{"href":"https:\/\/faberpet.ro\/stage\/wp-json\/wp\/v2\/product"}],"about":[{"href":"https:\/\/faberpet.ro\/stage\/wp-json\/wp\/v2\/types\/product"}],"wp:featuredmedia":[{"embeddable":true,"href":"https:\/\/faberpet.ro\/stage\/wp-json\/wp\/v2\/media\/8913"}],"wp:attachment":[{"href":"https:\/\/faberpet.ro\/stage\/wp-json\/wp\/v2\/media?parent=3943"}],"wp:term":[{"taxonomy":"product_brand","embeddable":true,"href":"https:\/\/faberpet.ro\/stage\/wp-json\/wp\/v2\/product_brand?post=3943"},{"taxonomy":"product_cat","embeddable":true,"href":"https:\/\/faberpet.ro\/stage\/wp-json\/wp\/v2\/product_cat?post=3943"},{"taxonomy":"product_tag","embeddable":true,"href":"https:\/\/faberpet.ro\/stage\/wp-json\/wp\/v2\/product_tag?post=3943"}],"curies":[{"name":"wp","href":"https:\/\/api.w.org\/{rel}","templated":true}]}}