{"id":3946,"date":"2024-10-21T20:31:29","date_gmt":"2024-10-21T17:31:29","guid":{"rendered":"https:\/\/faberpet.ro\/stage\/produs\/pulover-crosetat-pentru-caini-size-6-8-10-12\/"},"modified":"2025-08-01T10:48:27","modified_gmt":"2025-08-01T08:48:27","slug":"pulover-crosetat-pentru-caini-size-6-8-10-12","status":"publish","type":"product","link":"https:\/\/faberpet.ro\/stage\/produs\/pulover-crosetat-pentru-caini-size-6-8-10-12\/","title":{"rendered":"Pulover crosetat pentru caini size 6&#8243;; 8&#8243;; 10&#8243;; 12&#8243;"},"content":{"rendered":"<p>Confec\u021bionat\u0103 din acryl, este trendy, u\u0219or de \u00eembr\u0103cat. este recomandat\u0103 pentru vreme rece. Design- ul ofer\u0103 o senza\u021bie de confort sporit.<\/p>\n<p>Disponibil \u00een diferite m\u0103rimi: size 6&#8243;, 8&#8243;, 10&#8243;, 12&#8243;;<\/p>\n<p>Lungimi spate: 6&#8243; &#8211; 18 cm, 8&#8243; &#8211; 20 cm, 10&#8243; &#8211; 25 cm, 12&#8243; &#8211; 36 cm.<\/p>\n<p>Sp\u0103larea \u00een ma\u0219in\u0103 la 30 de grade, cu aten\u021bie;A nu se folosi \u00een\u0103lbitori;A nu se usca prin centrifugare;<\/p>\n<p>IMPORTANT: Acest produs este disponibil \u00een diverse culori, a\u0219adar nu putem garanta livrarea unei anumite culori.<\/p>\n","protected":false},"excerpt":{"rendered":"<p>Confec\u021bionat\u0103 din acryl, este trendy, u\u0219or de \u00eembr\u0103cat. este recomandat\u0103 pentru vreme rece. Design- ul ofer\u0103 o senza\u021bie de confort sporit. Disponibil \u00een diferite m\u0103rimi: size 6&#8243;, 8&#8243;, 10&#8243;, 12&#8243;; Lungimi spate: 6&#8243; &#8211; 18 cm, 8&#8243; &#8211; 20 cm, 10&#8243; &#8211; 25 cm, 12&#8243; &#8211; 36 cm. Sp\u0103larea \u00een ma\u0219in\u0103 la 30 de grade, [&hellip;]<\/p>\n","protected":false},"featured_media":8918,"template":"","meta":[],"product_brand":[],"product_cat":[168,730],"product_tag":[728,727,729],"class_list":{"0":"post-3946","1":"product","2":"type-product","3":"status-publish","4":"has-post-thumbnail","6":"product_cat-caini","7":"product_cat-haine","8":"product_tag-haine-pulover","9":"product_tag-haine-pulover-caini","10":"product_tag-pulover-caini","12":"first","13":"instock","14":"shipping-taxable","15":"purchasable","16":"product-type-simple"},"_links":{"self":[{"href":"https:\/\/faberpet.ro\/stage\/wp-json\/wp\/v2\/product\/3946","targetHints":{"allow":["GET"]}}],"collection":[{"href":"https:\/\/faberpet.ro\/stage\/wp-json\/wp\/v2\/product"}],"about":[{"href":"https:\/\/faberpet.ro\/stage\/wp-json\/wp\/v2\/types\/product"}],"wp:featuredmedia":[{"embeddable":true,"href":"https:\/\/faberpet.ro\/stage\/wp-json\/wp\/v2\/media\/8918"}],"wp:attachment":[{"href":"https:\/\/faberpet.ro\/stage\/wp-json\/wp\/v2\/media?parent=3946"}],"wp:term":[{"taxonomy":"product_brand","embeddable":true,"href":"https:\/\/faberpet.ro\/stage\/wp-json\/wp\/v2\/product_brand?post=3946"},{"taxonomy":"product_cat","embeddable":true,"href":"https:\/\/faberpet.ro\/stage\/wp-json\/wp\/v2\/product_cat?post=3946"},{"taxonomy":"product_tag","embeddable":true,"href":"https:\/\/faberpet.ro\/stage\/wp-json\/wp\/v2\/product_tag?post=3946"}],"curies":[{"name":"wp","href":"https:\/\/api.w.org\/{rel}","templated":true}]}}