{"id":3980,"date":"2024-10-21T20:31:32","date_gmt":"2024-10-21T17:31:32","guid":{"rendered":"https:\/\/faberpet.ro\/stage\/produs\/haina-bumbac-captusita-cu-gluga-l-14-albastru\/"},"modified":"2025-08-01T10:56:59","modified_gmt":"2025-08-01T08:56:59","slug":"haina-bumbac-captusita-cu-gluga-l-14-albastru","status":"publish","type":"product","link":"https:\/\/faberpet.ro\/stage\/produs\/haina-bumbac-captusita-cu-gluga-l-14-albastru\/","title":{"rendered":"Haina bumbac captusita cu gluga L &#8211; 14# albastru"},"content":{"rendered":"<p>Confec\u021bionat\u0103 din bumbac. este trendy, u\u0219or de \u00eembr\u0103cat \u0219i \u00een pas cu tendin\u021bele modei. este recomandat\u0103 pentru vreme capricioas\u0103 \u0219i rece, plimb\u0103rile \u00een parcuri dar se poate purta \u0219i la vizite sau \u00eent\u00e2lniri. C\u0103ptu\u0219eala este confec\u021bionat\u0103 dintr- un material moale, confortabil \u0219i c\u0103lduros. U\u0219or de \u00eembr\u0103cat \u0219i dezbr\u0103cat cu ajutorul capselor. Design- ul ofer\u0103 o senza\u021bie de confort sporit. A nu se folosi \u00een\u0103lbitori;M\u0103rime: L;Lungime spate: 14# &#8211; 35 cm;<\/p>\n","protected":false},"excerpt":{"rendered":"<p>Confec\u021bionat\u0103 din bumbac. este trendy, u\u0219or de \u00eembr\u0103cat \u0219i \u00een pas cu tendin\u021bele modei. este recomandat\u0103 pentru vreme capricioas\u0103 \u0219i rece, plimb\u0103rile \u00een parcuri dar se poate purta \u0219i la vizite sau \u00eent\u00e2lniri. C\u0103ptu\u0219eala este confec\u021bionat\u0103 dintr- un material moale, confortabil \u0219i c\u0103lduros. U\u0219or de \u00eembr\u0103cat \u0219i dezbr\u0103cat cu ajutorul capselor. Design- ul ofer\u0103 o [&hellip;]<\/p>\n","protected":false},"featured_media":8952,"template":"","meta":[],"product_brand":[],"product_cat":[168,730],"product_tag":[736,737,733],"class_list":{"0":"post-3980","1":"product","2":"type-product","3":"status-publish","4":"has-post-thumbnail","6":"product_cat-caini","7":"product_cat-haine","8":"product_tag-haina-caini","9":"product_tag-haina-caini-bumbac","10":"product_tag-haine-animale-de-companie","12":"first","13":"instock","14":"shipping-taxable","15":"purchasable","16":"product-type-simple"},"_links":{"self":[{"href":"https:\/\/faberpet.ro\/stage\/wp-json\/wp\/v2\/product\/3980","targetHints":{"allow":["GET"]}}],"collection":[{"href":"https:\/\/faberpet.ro\/stage\/wp-json\/wp\/v2\/product"}],"about":[{"href":"https:\/\/faberpet.ro\/stage\/wp-json\/wp\/v2\/types\/product"}],"wp:featuredmedia":[{"embeddable":true,"href":"https:\/\/faberpet.ro\/stage\/wp-json\/wp\/v2\/media\/8952"}],"wp:attachment":[{"href":"https:\/\/faberpet.ro\/stage\/wp-json\/wp\/v2\/media?parent=3980"}],"wp:term":[{"taxonomy":"product_brand","embeddable":true,"href":"https:\/\/faberpet.ro\/stage\/wp-json\/wp\/v2\/product_brand?post=3980"},{"taxonomy":"product_cat","embeddable":true,"href":"https:\/\/faberpet.ro\/stage\/wp-json\/wp\/v2\/product_cat?post=3980"},{"taxonomy":"product_tag","embeddable":true,"href":"https:\/\/faberpet.ro\/stage\/wp-json\/wp\/v2\/product_tag?post=3980"}],"curies":[{"name":"wp","href":"https:\/\/api.w.org\/{rel}","templated":true}]}}