{"id":3992,"date":"2024-10-21T20:31:34","date_gmt":"2024-10-21T17:31:34","guid":{"rendered":"https:\/\/faberpet.ro\/stage\/produs\/haina-fas-captusita-s-m\/"},"modified":"2025-10-31T10:17:08","modified_gmt":"2025-10-31T08:17:08","slug":"haina-fas-captusita-s-m","status":"publish","type":"product","link":"https:\/\/faberpet.ro\/stage\/produs\/haina-fas-captusita-s-m\/","title":{"rendered":"Haina fas captusita S"},"content":{"rendered":"<p>Confec\u021bionat\u0103 din poliester. este recomandat\u0103 pentru vreme rece, plimb\u0103rile \u00een parcuri dar se poate purta \u0219i la vizite sau \u00eent\u00e2lniri. C\u0103ptu\u0219eala este confec\u021bionat\u0103 dintr- un material moale, confortabil \u0219i c\u0103lduros. Design- ul ofer\u0103 o senza\u021bie de confort sporit. U\u0219or de \u00eembr\u0103cat \u0219i dezbr\u0103cat cu ajutorul fermoarului. Lungimi spate: S- 24 cm;IMPORTANT: Acest produs este disponibil \u00een diverse culori, a\u0219adar nu putem garanta livrarea unei anumite culori.<\/p>\n","protected":false},"excerpt":{"rendered":"<p>Confec\u021bionat\u0103 din poliester. este recomandat\u0103 pentru vreme rece, plimb\u0103rile \u00een parcuri dar se poate purta \u0219i la vizite sau \u00eent\u00e2lniri. C\u0103ptu\u0219eala este confec\u021bionat\u0103 dintr- un material moale, confortabil \u0219i c\u0103lduros. Design- ul ofer\u0103 o senza\u021bie de confort sporit. U\u0219or de \u00eembr\u0103cat \u0219i dezbr\u0103cat cu ajutorul fermoarului. Lungimi spate: S- 24 cm;IMPORTANT: Acest produs este disponibil [&hellip;]<\/p>\n","protected":false},"featured_media":8964,"template":"","meta":[],"product_brand":[],"product_cat":[168,730],"product_tag":[740,739,741],"class_list":{"0":"post-3992","1":"product","2":"type-product","3":"status-publish","4":"has-post-thumbnail","6":"product_cat-caini","7":"product_cat-haine","8":"product_tag-accesoriu-caine","9":"product_tag-haine-caini-fas","10":"product_tag-overall-fas-caine","12":"first","13":"instock","14":"shipping-taxable","15":"purchasable","16":"product-type-simple"},"_links":{"self":[{"href":"https:\/\/faberpet.ro\/stage\/wp-json\/wp\/v2\/product\/3992","targetHints":{"allow":["GET"]}}],"collection":[{"href":"https:\/\/faberpet.ro\/stage\/wp-json\/wp\/v2\/product"}],"about":[{"href":"https:\/\/faberpet.ro\/stage\/wp-json\/wp\/v2\/types\/product"}],"wp:featuredmedia":[{"embeddable":true,"href":"https:\/\/faberpet.ro\/stage\/wp-json\/wp\/v2\/media\/8964"}],"wp:attachment":[{"href":"https:\/\/faberpet.ro\/stage\/wp-json\/wp\/v2\/media?parent=3992"}],"wp:term":[{"taxonomy":"product_brand","embeddable":true,"href":"https:\/\/faberpet.ro\/stage\/wp-json\/wp\/v2\/product_brand?post=3992"},{"taxonomy":"product_cat","embeddable":true,"href":"https:\/\/faberpet.ro\/stage\/wp-json\/wp\/v2\/product_cat?post=3992"},{"taxonomy":"product_tag","embeddable":true,"href":"https:\/\/faberpet.ro\/stage\/wp-json\/wp\/v2\/product_tag?post=3992"}],"curies":[{"name":"wp","href":"https:\/\/api.w.org\/{rel}","templated":true}]}}