{"id":3996,"date":"2024-10-21T20:31:35","date_gmt":"2024-10-21T17:31:35","guid":{"rendered":"https:\/\/faberpet.ro\/stage\/produs\/overall-bumbac-cu-gluga-imblanit-xs-20-s-22-m-26-cm\/"},"modified":"2026-01-16T15:48:59","modified_gmt":"2026-01-16T13:48:59","slug":"overall-bumbac-cu-gluga-imblanit-xs-20-s-22-m-26-cm","status":"publish","type":"product","link":"https:\/\/faberpet.ro\/stage\/produs\/overall-bumbac-cu-gluga-imblanit-xs-20-s-22-m-26-cm\/","title":{"rendered":"Overall bumbac cu gluga, imblanit S-22 cm, M-26 cm, L-30 cm"},"content":{"rendered":"<p>Confec\u021bionat\u0103 din bumbac. este recomandat\u0103 pentru vreme rece, plimb\u0103rile \u00een parcuri dar se poate purta \u0219i la vizite sau \u00eent\u00e2lniri. C\u0103ptu\u0219eala este confec\u021bionat\u0103 dintr- un material moale, confortabil \u0219i c\u0103lduros. Design- ul ofer\u0103 o senza\u021bie de confort sporit. U\u0219or de \u00eembr\u0103cat \u0219i dezbr\u0103cat cu ajutorul capselor.<\/p>\n<p>Disponibil \u00een diferite m\u0103rimi: S, M, L<\/p>\n<p>Lungimi spate: S- 22, M- 26 cm, L-30 cm<\/p>\n<p>IMPORTANT: Acest produs este disponibil \u00een diverse culori, a\u0219adar nu putem garanta livrarea unei anumite culori.<\/p>\n","protected":false},"excerpt":{"rendered":"<p>Confec\u021bionat\u0103 din bumbac. este recomandat\u0103 pentru vreme rece, plimb\u0103rile \u00een parcuri dar se poate purta \u0219i la vizite sau \u00eent\u00e2lniri. C\u0103ptu\u0219eala este confec\u021bionat\u0103 dintr- un material moale, confortabil \u0219i c\u0103lduros. Design- ul ofer\u0103 o senza\u021bie de confort sporit. U\u0219or de \u00eembr\u0103cat \u0219i dezbr\u0103cat cu ajutorul capselor. Disponibil \u00een diferite m\u0103rimi: S, M, L Lungimi spate: [&hellip;]<\/p>\n","protected":false},"featured_media":8969,"template":"","meta":[],"product_brand":[],"product_cat":[168,730],"product_tag":[752,750,751],"class_list":{"0":"post-3996","1":"product","2":"type-product","3":"status-publish","4":"has-post-thumbnail","6":"product_cat-caini","7":"product_cat-haine","8":"product_tag-haine-imblanite","9":"product_tag-haine-pentru-pisici","10":"product_tag-haine-pisici-caine","12":"first","13":"instock","14":"shipping-taxable","15":"purchasable","16":"product-type-simple"},"_links":{"self":[{"href":"https:\/\/faberpet.ro\/stage\/wp-json\/wp\/v2\/product\/3996","targetHints":{"allow":["GET"]}}],"collection":[{"href":"https:\/\/faberpet.ro\/stage\/wp-json\/wp\/v2\/product"}],"about":[{"href":"https:\/\/faberpet.ro\/stage\/wp-json\/wp\/v2\/types\/product"}],"wp:featuredmedia":[{"embeddable":true,"href":"https:\/\/faberpet.ro\/stage\/wp-json\/wp\/v2\/media\/8969"}],"wp:attachment":[{"href":"https:\/\/faberpet.ro\/stage\/wp-json\/wp\/v2\/media?parent=3996"}],"wp:term":[{"taxonomy":"product_brand","embeddable":true,"href":"https:\/\/faberpet.ro\/stage\/wp-json\/wp\/v2\/product_brand?post=3996"},{"taxonomy":"product_cat","embeddable":true,"href":"https:\/\/faberpet.ro\/stage\/wp-json\/wp\/v2\/product_cat?post=3996"},{"taxonomy":"product_tag","embeddable":true,"href":"https:\/\/faberpet.ro\/stage\/wp-json\/wp\/v2\/product_tag?post=3996"}],"curies":[{"name":"wp","href":"https:\/\/api.w.org\/{rel}","templated":true}]}}