{"id":4002,"date":"2024-10-21T20:31:35","date_gmt":"2024-10-21T17:31:35","guid":{"rendered":"https:\/\/faberpet.ro\/stage\/produs\/overall-bumbac-cu-gluga-imblanit-s-26-m30-cm\/"},"modified":"2025-08-01T11:07:57","modified_gmt":"2025-08-01T09:07:57","slug":"overall-bumbac-cu-gluga-imblanit-s-26-m30-cm","status":"publish","type":"product","link":"https:\/\/faberpet.ro\/stage\/produs\/overall-bumbac-cu-gluga-imblanit-s-26-m30-cm\/","title":{"rendered":"Overall bumbac cu gluga, imblanit S-26, M30 cm"},"content":{"rendered":"<p>Confec\u021bionat\u0103 din material de calitate, este trendy, u\u0219or de \u00eembr\u0103cat \u0219i \u00een pas cu tendin\u021bele modei. este recomandat\u0103 pentru vreme rece. C\u0103ptu\u0219eala este confec\u021bionat\u0103 dintr- un material moale, confortabil \u0219i c\u0103lduros. Design- ul ofer\u0103 o senza\u021bie de confort sporit. U\u0219or de \u00eembr\u0103cat \u0219i dezbr\u0103cat cu ajutorul capselor. Disponibil \u00een diferite m\u0103rimi: S, MLungimi spate: S- 26, M- 30 cm<\/p>\n","protected":false},"excerpt":{"rendered":"<p>Confec\u021bionat\u0103 din material de calitate, este trendy, u\u0219or de \u00eembr\u0103cat \u0219i \u00een pas cu tendin\u021bele modei. este recomandat\u0103 pentru vreme rece. C\u0103ptu\u0219eala este confec\u021bionat\u0103 dintr- un material moale, confortabil \u0219i c\u0103lduros. Design- ul ofer\u0103 o senza\u021bie de confort sporit. U\u0219or de \u00eembr\u0103cat \u0219i dezbr\u0103cat cu ajutorul capselor. Disponibil \u00een diferite m\u0103rimi: S, MLungimi spate: S- [&hellip;]<\/p>\n","protected":false},"featured_media":8978,"template":"","meta":[],"product_brand":[],"product_cat":[168,730],"product_tag":[764,765,762],"class_list":{"0":"post-4002","1":"product","2":"type-product","3":"status-publish","4":"has-post-thumbnail","6":"product_cat-caini","7":"product_cat-haine","8":"product_tag-haine-caini-bumbac","9":"product_tag-haine-pisici","10":"product_tag-overall-caini","12":"first","13":"instock","14":"shipping-taxable","15":"purchasable","16":"product-type-simple"},"_links":{"self":[{"href":"https:\/\/faberpet.ro\/stage\/wp-json\/wp\/v2\/product\/4002","targetHints":{"allow":["GET"]}}],"collection":[{"href":"https:\/\/faberpet.ro\/stage\/wp-json\/wp\/v2\/product"}],"about":[{"href":"https:\/\/faberpet.ro\/stage\/wp-json\/wp\/v2\/types\/product"}],"wp:featuredmedia":[{"embeddable":true,"href":"https:\/\/faberpet.ro\/stage\/wp-json\/wp\/v2\/media\/8978"}],"wp:attachment":[{"href":"https:\/\/faberpet.ro\/stage\/wp-json\/wp\/v2\/media?parent=4002"}],"wp:term":[{"taxonomy":"product_brand","embeddable":true,"href":"https:\/\/faberpet.ro\/stage\/wp-json\/wp\/v2\/product_brand?post=4002"},{"taxonomy":"product_cat","embeddable":true,"href":"https:\/\/faberpet.ro\/stage\/wp-json\/wp\/v2\/product_cat?post=4002"},{"taxonomy":"product_tag","embeddable":true,"href":"https:\/\/faberpet.ro\/stage\/wp-json\/wp\/v2\/product_tag?post=4002"}],"curies":[{"name":"wp","href":"https:\/\/api.w.org\/{rel}","templated":true}]}}