{"id":4003,"date":"2024-10-21T20:31:36","date_gmt":"2024-10-21T17:31:36","guid":{"rendered":"https:\/\/faberpet.ro\/stage\/produs\/haina-pentru-caini-cu-volanas-26-30\/"},"modified":"2025-08-01T11:08:20","modified_gmt":"2025-08-01T09:08:20","slug":"haina-pentru-caini-cu-volanas-26-30","status":"publish","type":"product","link":"https:\/\/faberpet.ro\/stage\/produs\/haina-pentru-caini-cu-volanas-26-30\/","title":{"rendered":"Haina pentru caini cu volanas 26, 30"},"content":{"rendered":"<p>Confec\u021bionat\u0103 din bumbac, confortabil \u0219i c\u0103lduros. este recomandat\u0103 pentru var\u0103 sau pentru vreme capricioas\u0103, plimb\u0103rile \u00een parcuri dar se poate purta \u0219i la vizite sau \u00eent\u00e2lniri. U\u0219or de \u00eembr\u0103cat \u0219i dezbr\u0103cat cu ajutorul capselor. Design- ul ofer\u0103 o senza\u021bie de confort sporit. Disponibil \u00een diferite m\u0103rimi: 26, 30;Lungimi spate: 26, 30 cm<\/p>\n","protected":false},"excerpt":{"rendered":"<p>Confec\u021bionat\u0103 din bumbac, confortabil \u0219i c\u0103lduros. este recomandat\u0103 pentru var\u0103 sau pentru vreme capricioas\u0103, plimb\u0103rile \u00een parcuri dar se poate purta \u0219i la vizite sau \u00eent\u00e2lniri. U\u0219or de \u00eembr\u0103cat \u0219i dezbr\u0103cat cu ajutorul capselor. Design- ul ofer\u0103 o senza\u021bie de confort sporit. Disponibil \u00een diferite m\u0103rimi: 26, 30;Lungimi spate: 26, 30 cm<\/p>\n","protected":false},"featured_media":8980,"template":"","meta":[],"product_brand":[],"product_cat":[168,730],"product_tag":[768,767,766],"class_list":{"0":"post-4003","1":"product","2":"type-product","3":"status-publish","4":"has-post-thumbnail","6":"product_cat-caini","7":"product_cat-haine","8":"product_tag-haina-caini-talie-mica","9":"product_tag-haina-cu-volanas","10":"product_tag-imbracaminte-caine","12":"first","13":"instock","14":"shipping-taxable","15":"purchasable","16":"product-type-simple"},"_links":{"self":[{"href":"https:\/\/faberpet.ro\/stage\/wp-json\/wp\/v2\/product\/4003","targetHints":{"allow":["GET"]}}],"collection":[{"href":"https:\/\/faberpet.ro\/stage\/wp-json\/wp\/v2\/product"}],"about":[{"href":"https:\/\/faberpet.ro\/stage\/wp-json\/wp\/v2\/types\/product"}],"wp:featuredmedia":[{"embeddable":true,"href":"https:\/\/faberpet.ro\/stage\/wp-json\/wp\/v2\/media\/8980"}],"wp:attachment":[{"href":"https:\/\/faberpet.ro\/stage\/wp-json\/wp\/v2\/media?parent=4003"}],"wp:term":[{"taxonomy":"product_brand","embeddable":true,"href":"https:\/\/faberpet.ro\/stage\/wp-json\/wp\/v2\/product_brand?post=4003"},{"taxonomy":"product_cat","embeddable":true,"href":"https:\/\/faberpet.ro\/stage\/wp-json\/wp\/v2\/product_cat?post=4003"},{"taxonomy":"product_tag","embeddable":true,"href":"https:\/\/faberpet.ro\/stage\/wp-json\/wp\/v2\/product_tag?post=4003"}],"curies":[{"name":"wp","href":"https:\/\/api.w.org\/{rel}","templated":true}]}}