{"id":4005,"date":"2024-10-21T20:31:36","date_gmt":"2024-10-21T17:31:36","guid":{"rendered":"https:\/\/faberpet.ro\/stage\/produs\/haina-subtire-cu-dungi-pentru-caini-m-12\/"},"modified":"2025-08-01T11:09:14","modified_gmt":"2025-08-01T09:09:14","slug":"haina-subtire-cu-dungi-pentru-caini-m-12","status":"publish","type":"product","link":"https:\/\/faberpet.ro\/stage\/produs\/haina-subtire-cu-dungi-pentru-caini-m-12\/","title":{"rendered":"Haina subtire cu dungi pentru caini M-12"},"content":{"rendered":"<p>Confec\u021bionat\u0103 din bumbac, confortabil \u0219i c\u0103lduros. este trendy, u\u0219or de \u00eembr\u0103cat \u0219i \u00een pas cu tendin\u021bele modei. este recomandat\u0103 var\u0103 sau pentru vreme capricioas\u0103, plimb\u0103rile \u00een parcuri dar se poate purta \u0219i la vizite sau \u00eent\u00e2lniri. U\u0219or de \u00eembr\u0103cat \u0219i dezbr\u0103cat cu ajutorul capselor. Design- ul ofer\u0103 o senza\u021bie de confort sporit. Disponibil\u0103 \u00een diferite m\u0103rimi: M\/12Lungimi spate: M- 27- 29 cm<\/p>\n","protected":false},"excerpt":{"rendered":"<p>Confec\u021bionat\u0103 din bumbac, confortabil \u0219i c\u0103lduros. este trendy, u\u0219or de \u00eembr\u0103cat \u0219i \u00een pas cu tendin\u021bele modei. este recomandat\u0103 var\u0103 sau pentru vreme capricioas\u0103, plimb\u0103rile \u00een parcuri dar se poate purta \u0219i la vizite sau \u00eent\u00e2lniri. U\u0219or de \u00eembr\u0103cat \u0219i dezbr\u0103cat cu ajutorul capselor. Design- ul ofer\u0103 o senza\u021bie de confort sporit. Disponibil\u0103 \u00een diferite [&hellip;]<\/p>\n","protected":false},"featured_media":8982,"template":"","meta":[],"product_brand":[],"product_cat":[168,730],"product_tag":[772,773,771],"class_list":{"0":"post-4005","1":"product","2":"type-product","3":"status-publish","4":"has-post-thumbnail","6":"product_cat-caini","7":"product_cat-haine","8":"product_tag-caini-imbracaminte","9":"product_tag-haina-cu-dungi","10":"product_tag-haine-caini-talie-mediu","12":"first","13":"instock","14":"shipping-taxable","15":"purchasable","16":"product-type-simple"},"_links":{"self":[{"href":"https:\/\/faberpet.ro\/stage\/wp-json\/wp\/v2\/product\/4005","targetHints":{"allow":["GET"]}}],"collection":[{"href":"https:\/\/faberpet.ro\/stage\/wp-json\/wp\/v2\/product"}],"about":[{"href":"https:\/\/faberpet.ro\/stage\/wp-json\/wp\/v2\/types\/product"}],"wp:featuredmedia":[{"embeddable":true,"href":"https:\/\/faberpet.ro\/stage\/wp-json\/wp\/v2\/media\/8982"}],"wp:attachment":[{"href":"https:\/\/faberpet.ro\/stage\/wp-json\/wp\/v2\/media?parent=4005"}],"wp:term":[{"taxonomy":"product_brand","embeddable":true,"href":"https:\/\/faberpet.ro\/stage\/wp-json\/wp\/v2\/product_brand?post=4005"},{"taxonomy":"product_cat","embeddable":true,"href":"https:\/\/faberpet.ro\/stage\/wp-json\/wp\/v2\/product_cat?post=4005"},{"taxonomy":"product_tag","embeddable":true,"href":"https:\/\/faberpet.ro\/stage\/wp-json\/wp\/v2\/product_tag?post=4005"}],"curies":[{"name":"wp","href":"https:\/\/api.w.org\/{rel}","templated":true}]}}