{"id":4006,"date":"2024-10-21T20:31:36","date_gmt":"2024-10-21T17:31:36","guid":{"rendered":"https:\/\/faberpet.ro\/stage\/produs\/vestuta-subtire-cu-gluga-pentru-caini-s-10-m-12-l-14\/"},"modified":"2025-08-01T11:09:55","modified_gmt":"2025-08-01T09:09:55","slug":"vestuta-subtire-cu-gluga-pentru-caini-s-10-m-12-l-14","status":"publish","type":"product","link":"https:\/\/faberpet.ro\/stage\/produs\/vestuta-subtire-cu-gluga-pentru-caini-s-10-m-12-l-14\/","title":{"rendered":"Vestuta subtire cu gluga pentru caini S-10, M-12, L-14"},"content":{"rendered":"<p>Confec\u021bionat\u0103 din material de calitate, confortabil \u0219i c\u0103lduros. este trendy, u\u0219or de \u00eembr\u0103cat \u0219i \u00een pas cu tendin\u021bele modei. este recomandat\u0103 pentru vreme capricioas\u0103, plimb\u0103rile \u00een parcuri dar se poate purta \u0219i la vizite sau \u00eent\u00e2lniri. U\u0219or de \u00eembr\u0103cat \u0219i dezbr\u0103cat. Design- ul ofer\u0103 o senza\u021bie de confort sporit. Disponibil\u0103 \u00een diferite m\u0103rimi: S\/10, M\/12, L\/14Lungimi spate: S- 25, M- 29, L- 33 cm<\/p>\n","protected":false},"excerpt":{"rendered":"<p>Confec\u021bionat\u0103 din material de calitate, confortabil \u0219i c\u0103lduros. este trendy, u\u0219or de \u00eembr\u0103cat \u0219i \u00een pas cu tendin\u021bele modei. este recomandat\u0103 pentru vreme capricioas\u0103, plimb\u0103rile \u00een parcuri dar se poate purta \u0219i la vizite sau \u00eent\u00e2lniri. U\u0219or de \u00eembr\u0103cat \u0219i dezbr\u0103cat. Design- ul ofer\u0103 o senza\u021bie de confort sporit. Disponibil\u0103 \u00een diferite m\u0103rimi: S\/10, M\/12, [&hellip;]<\/p>\n","protected":false},"featured_media":8984,"template":"","meta":[],"product_brand":[],"product_cat":[168,730],"product_tag":[775,776,774],"class_list":{"0":"post-4006","1":"product","2":"type-product","3":"status-publish","4":"has-post-thumbnail","6":"product_cat-caini","7":"product_cat-haine","8":"product_tag-hainute-bune","9":"product_tag-vesta-calde","10":"product_tag-vestuta-caine","12":"first","13":"instock","14":"shipping-taxable","15":"purchasable","16":"product-type-simple"},"_links":{"self":[{"href":"https:\/\/faberpet.ro\/stage\/wp-json\/wp\/v2\/product\/4006","targetHints":{"allow":["GET"]}}],"collection":[{"href":"https:\/\/faberpet.ro\/stage\/wp-json\/wp\/v2\/product"}],"about":[{"href":"https:\/\/faberpet.ro\/stage\/wp-json\/wp\/v2\/types\/product"}],"wp:featuredmedia":[{"embeddable":true,"href":"https:\/\/faberpet.ro\/stage\/wp-json\/wp\/v2\/media\/8984"}],"wp:attachment":[{"href":"https:\/\/faberpet.ro\/stage\/wp-json\/wp\/v2\/media?parent=4006"}],"wp:term":[{"taxonomy":"product_brand","embeddable":true,"href":"https:\/\/faberpet.ro\/stage\/wp-json\/wp\/v2\/product_brand?post=4006"},{"taxonomy":"product_cat","embeddable":true,"href":"https:\/\/faberpet.ro\/stage\/wp-json\/wp\/v2\/product_cat?post=4006"},{"taxonomy":"product_tag","embeddable":true,"href":"https:\/\/faberpet.ro\/stage\/wp-json\/wp\/v2\/product_tag?post=4006"}],"curies":[{"name":"wp","href":"https:\/\/api.w.org\/{rel}","templated":true}]}}