{"id":4007,"date":"2024-10-21T20:31:36","date_gmt":"2024-10-21T17:31:36","guid":{"rendered":"https:\/\/faberpet.ro\/stage\/produs\/vesta-pentru-caini-2xl-55-3xl-60-cm\/"},"modified":"2025-08-01T11:10:09","modified_gmt":"2025-08-01T09:10:09","slug":"vesta-pentru-caini-2xl-55-3xl-60-cm","status":"publish","type":"product","link":"https:\/\/faberpet.ro\/stage\/produs\/vesta-pentru-caini-2xl-55-3xl-60-cm\/","title":{"rendered":"Vesta pentru caini 2XL-55, 3XL-60 cm"},"content":{"rendered":"<p>Confec\u021bionat\u0103 din material de calitate, este trendy, u\u0219or de \u00eembr\u0103cat \u0219i \u00een pas cu tendin\u021bele modei. este recomandat\u0103 pentru vreme rece. C\u0103ptu\u0219eala este confec\u021bionat\u0103 dintr- un material moale, confortabil \u0219i c\u0103lduros. U\u0219or de \u00eembr\u0103cat \u0219i dezbr\u0103cat. Circumferin\u021ba pieptului este ajustabil\u0103 cu ajutorul capselor. Design- ul ofer\u0103 o senza\u021bie de confort sporit. Disponibil\u0103 \u00een diferite m\u0103rimi: 2XL, 3XLDisponibil\u0103 \u00een diferite culori: albastru, roz Lungimi spate: 55, 60 cm<\/p>\n","protected":false},"excerpt":{"rendered":"<p>Confec\u021bionat\u0103 din material de calitate, este trendy, u\u0219or de \u00eembr\u0103cat \u0219i \u00een pas cu tendin\u021bele modei. este recomandat\u0103 pentru vreme rece. C\u0103ptu\u0219eala este confec\u021bionat\u0103 dintr- un material moale, confortabil \u0219i c\u0103lduros. U\u0219or de \u00eembr\u0103cat \u0219i dezbr\u0103cat. Circumferin\u021ba pieptului este ajustabil\u0103 cu ajutorul capselor. Design- ul ofer\u0103 o senza\u021bie de confort sporit. Disponibil\u0103 \u00een diferite m\u0103rimi: [&hellip;]<\/p>\n","protected":false},"featured_media":8985,"template":"","meta":[],"product_brand":[],"product_cat":[168,730],"product_tag":[778,777,779],"class_list":{"0":"post-4007","1":"product","2":"type-product","3":"status-publish","4":"has-post-thumbnail","6":"product_cat-caini","7":"product_cat-haine","8":"product_tag-vesta-mare-caini","9":"product_tag-vesta-pentru-caini","10":"product_tag-veste-caini","12":"first","13":"instock","14":"shipping-taxable","15":"purchasable","16":"product-type-simple"},"_links":{"self":[{"href":"https:\/\/faberpet.ro\/stage\/wp-json\/wp\/v2\/product\/4007","targetHints":{"allow":["GET"]}}],"collection":[{"href":"https:\/\/faberpet.ro\/stage\/wp-json\/wp\/v2\/product"}],"about":[{"href":"https:\/\/faberpet.ro\/stage\/wp-json\/wp\/v2\/types\/product"}],"wp:featuredmedia":[{"embeddable":true,"href":"https:\/\/faberpet.ro\/stage\/wp-json\/wp\/v2\/media\/8985"}],"wp:attachment":[{"href":"https:\/\/faberpet.ro\/stage\/wp-json\/wp\/v2\/media?parent=4007"}],"wp:term":[{"taxonomy":"product_brand","embeddable":true,"href":"https:\/\/faberpet.ro\/stage\/wp-json\/wp\/v2\/product_brand?post=4007"},{"taxonomy":"product_cat","embeddable":true,"href":"https:\/\/faberpet.ro\/stage\/wp-json\/wp\/v2\/product_cat?post=4007"},{"taxonomy":"product_tag","embeddable":true,"href":"https:\/\/faberpet.ro\/stage\/wp-json\/wp\/v2\/product_tag?post=4007"}],"curies":[{"name":"wp","href":"https:\/\/api.w.org\/{rel}","templated":true}]}}