{"id":4019,"date":"2024-10-21T20:31:37","date_gmt":"2024-10-21T17:31:37","guid":{"rendered":"https:\/\/faberpet.ro\/stage\/produs\/patut-textil-oval-imblanit-35-72-cm\/"},"modified":"2025-08-01T11:11:18","modified_gmt":"2025-08-01T09:11:18","slug":"patut-textil-oval-imblanit-35-72-cm","status":"publish","type":"product","link":"https:\/\/faberpet.ro\/stage\/produs\/patut-textil-oval-imblanit-35-72-cm\/","title":{"rendered":"Patut textil oval imblanit 35-72 cm 10\/set"},"content":{"rendered":"<p>Forma oval\u0103 a p\u0103tu\u021bului ofer\u0103 suficient spa\u021biu pentru c\u00e2ine c\u00e2t s\u0103 doarm\u0103 \u00een pozi\u021biile sale cele mai confortabile. P\u0103tu\u021b din material textil de calitate. Produsul este recomandat pentru c\u00e2ini \u0219i pisici. Se recomand\u0103 doar sp\u0103larea manual\u0103! Animalul dvs. de companie va fi mul\u021bumit de aceast\u0103 decizie! Produsul este disponibil \u00een mai multe dimensiuni. Compozi\u021bie: Exterior, interior \u0219i pernu\u021be: 100% poliester. IMPORTANT: Acest produs este disponibil \u00een diverse culori, a\u0219adar nu putem garanta livrarea unei anumite culori.<\/p>\n<p>Dimensiuni: diametru &#8211; 35, 40, 44, 49, 52, 57, 60, 64, 68, 72 cm.<\/p>\n<p>Se vinde ambalat c\u00e2te 10 buc\/set! Pre\u021bul afi\u0219at este per set!<\/p>\n","protected":false},"excerpt":{"rendered":"<p>Forma oval\u0103 a p\u0103tu\u021bului ofer\u0103 suficient spa\u021biu pentru c\u00e2ine c\u00e2t s\u0103 doarm\u0103 \u00een pozi\u021biile sale cele mai confortabile. P\u0103tu\u021b din material textil de calitate. Produsul este recomandat pentru c\u00e2ini \u0219i pisici. Se recomand\u0103 doar sp\u0103larea manual\u0103! Animalul dvs. de companie va fi mul\u021bumit de aceast\u0103 decizie! Produsul este disponibil \u00een mai multe dimensiuni. Compozi\u021bie: Exterior, [&hellip;]<\/p>\n","protected":false},"featured_media":8988,"template":"","meta":[],"product_brand":[],"product_cat":[168,783,784,171],"product_tag":[782,781,785],"class_list":{"0":"post-4019","1":"product","2":"type-product","3":"status-publish","4":"has-post-thumbnail","6":"product_cat-caini","7":"product_cat-paturi-si-culcusuri","8":"product_cat-paturi-si-culcusuri-pisici","9":"product_cat-pisici","10":"product_tag-culcus-caine-ieftin","11":"product_tag-culcus-caini","12":"product_tag-paturi-caini","14":"first","15":"instock","16":"shipping-taxable","17":"purchasable","18":"product-type-simple"},"_links":{"self":[{"href":"https:\/\/faberpet.ro\/stage\/wp-json\/wp\/v2\/product\/4019","targetHints":{"allow":["GET"]}}],"collection":[{"href":"https:\/\/faberpet.ro\/stage\/wp-json\/wp\/v2\/product"}],"about":[{"href":"https:\/\/faberpet.ro\/stage\/wp-json\/wp\/v2\/types\/product"}],"wp:featuredmedia":[{"embeddable":true,"href":"https:\/\/faberpet.ro\/stage\/wp-json\/wp\/v2\/media\/8988"}],"wp:attachment":[{"href":"https:\/\/faberpet.ro\/stage\/wp-json\/wp\/v2\/media?parent=4019"}],"wp:term":[{"taxonomy":"product_brand","embeddable":true,"href":"https:\/\/faberpet.ro\/stage\/wp-json\/wp\/v2\/product_brand?post=4019"},{"taxonomy":"product_cat","embeddable":true,"href":"https:\/\/faberpet.ro\/stage\/wp-json\/wp\/v2\/product_cat?post=4019"},{"taxonomy":"product_tag","embeddable":true,"href":"https:\/\/faberpet.ro\/stage\/wp-json\/wp\/v2\/product_tag?post=4019"}],"curies":[{"name":"wp","href":"https:\/\/api.w.org\/{rel}","templated":true}]}}