{"id":4023,"date":"2024-10-21T20:31:38","date_gmt":"2024-10-21T17:31:38","guid":{"rendered":"https:\/\/faberpet.ro\/stage\/produs\/culcus-patut-burete-cu-fas-28-66-cm\/"},"modified":"2025-08-01T11:13:17","modified_gmt":"2025-08-01T09:13:17","slug":"culcus-patut-burete-cu-fas-28-66-cm","status":"publish","type":"product","link":"https:\/\/faberpet.ro\/stage\/produs\/culcus-patut-burete-cu-fas-28-66-cm\/","title":{"rendered":"Culcus &#8211; patut burete cu fas 28-66 cm 10\/set"},"content":{"rendered":"<p>Forma oval\u0103 a p\u0103tu\u021bului ofer\u0103 suficient spa\u021biu pentru c\u00e2ine sau pisic\u0103 c\u00e2t s\u0103 doarm\u0103 \u00een pozi\u021biile sale cele mai confortabile. P\u0103tu\u021b din material f\u00e2\u0219 de calitate. Produsul este recomandat pentru c\u00e2ini \u0219i pisici. Se recomand\u0103 doar sp\u0103larea manual\u0103! U\u0219or de \u00eentre\u021binut, este lavabil la o temperatur\u0103 de max. 30\u00b0 C. Animalul dvs. de companie va fi mul\u021bumit de aceast\u0103 decizie! Produsul este disponibil \u00een mai multe dimensiuni. Disponibil amestecat \u00een diferite culori \u0219i nuan\u021be \u00een set. Compozi\u021bie: Exterior \u0219i interior: 100% poliester. IMPORTANT: Acest produs este disponibil \u00een diverse culori, a\u0219adar nu putem garanta livrarea unei anumite culori. Dimensiuni: XXS- 28*20*7 cm, XS- 31*24*8 cm, S- 35*29*9 cm, M- 40*32*10 cm, L- 43*37*10 cm, XL- 48*41*11 cm, 2XL- 52*44*12 cm, 3XL- 57*48*13 cm, 4XL- 61*52*14 cm, 5XL- 66*56*15 cm Se vinde ambalat c\u00e2te 10 buc\/set! Pre\u021bul afi\u0219at este per set!<\/p>\n","protected":false},"excerpt":{"rendered":"<p>Forma oval\u0103 a p\u0103tu\u021bului ofer\u0103 suficient spa\u021biu pentru c\u00e2ine sau pisic\u0103 c\u00e2t s\u0103 doarm\u0103 \u00een pozi\u021biile sale cele mai confortabile. P\u0103tu\u021b din material f\u00e2\u0219 de calitate. Produsul este recomandat pentru c\u00e2ini \u0219i pisici. Se recomand\u0103 doar sp\u0103larea manual\u0103! U\u0219or de \u00eentre\u021binut, este lavabil la o temperatur\u0103 de max. 30\u00b0 C. Animalul dvs. de companie va [&hellip;]<\/p>\n","protected":false},"featured_media":8992,"template":"","meta":[],"product_brand":[],"product_cat":[168,783,784,171],"product_tag":[782,781,788],"class_list":{"0":"post-4023","1":"product","2":"type-product","3":"status-publish","4":"has-post-thumbnail","6":"product_cat-caini","7":"product_cat-paturi-si-culcusuri","8":"product_cat-paturi-si-culcusuri-pisici","9":"product_cat-pisici","10":"product_tag-culcus-caine-ieftin","11":"product_tag-culcus-caini","12":"product_tag-patut-caine","14":"first","15":"instock","16":"shipping-taxable","17":"purchasable","18":"product-type-simple"},"_links":{"self":[{"href":"https:\/\/faberpet.ro\/stage\/wp-json\/wp\/v2\/product\/4023","targetHints":{"allow":["GET"]}}],"collection":[{"href":"https:\/\/faberpet.ro\/stage\/wp-json\/wp\/v2\/product"}],"about":[{"href":"https:\/\/faberpet.ro\/stage\/wp-json\/wp\/v2\/types\/product"}],"wp:featuredmedia":[{"embeddable":true,"href":"https:\/\/faberpet.ro\/stage\/wp-json\/wp\/v2\/media\/8992"}],"wp:attachment":[{"href":"https:\/\/faberpet.ro\/stage\/wp-json\/wp\/v2\/media?parent=4023"}],"wp:term":[{"taxonomy":"product_brand","embeddable":true,"href":"https:\/\/faberpet.ro\/stage\/wp-json\/wp\/v2\/product_brand?post=4023"},{"taxonomy":"product_cat","embeddable":true,"href":"https:\/\/faberpet.ro\/stage\/wp-json\/wp\/v2\/product_cat?post=4023"},{"taxonomy":"product_tag","embeddable":true,"href":"https:\/\/faberpet.ro\/stage\/wp-json\/wp\/v2\/product_tag?post=4023"}],"curies":[{"name":"wp","href":"https:\/\/api.w.org\/{rel}","templated":true}]}}