{"id":4039,"date":"2024-10-21T20:31:40","date_gmt":"2024-10-21T17:31:40","guid":{"rendered":"https:\/\/faberpet.ro\/stage\/produs\/culcus-dreptunghiular-cu-perna-marime-l\/"},"modified":"2025-08-01T11:15:26","modified_gmt":"2025-08-01T09:15:26","slug":"culcus-dreptunghiular-cu-perna-marime-l","status":"publish","type":"product","link":"https:\/\/faberpet.ro\/stage\/produs\/culcus-dreptunghiular-cu-perna-marime-l\/","title":{"rendered":"Culcus dreptunghiular cu perna marime L"},"content":{"rendered":"<p>Forma dreptunghiular\u0103 \u0219i marginile ridicate a p\u0103tu\u021bului ofer\u0103 suficient spa\u021biu pentru c\u00e2ine sau pisic\u0103 c\u00e2t s\u0103 doarm\u0103 \u00een pozi\u021biile sale cele mai confortabile. P\u0103tu\u021b din material polyester de calitate. Produsul este recomandat pentru c\u00e2ini \u0219i pisici. Se recomand\u0103 doar sp\u0103larea manual\u0103! Animalul dvs. de companie va fi mul\u021bumit de aceast\u0103 decizie! Produsul este disponibil \u00een mai multe dimensiuni. Produs u\u0219or de \u00eentre\u021binut, poate fi cur\u0103\u021bat cu detergent \u0219i ap\u0103 c\u0103ldu\u021b\u0103, la max. 30\u00b0C. Recomandat pentru utilizare \u00een spa\u021bii interioare. Compozi\u021bie: Exterior, interior: 100% polyester;Dimensiune: L- 63*53*13 cm;Se vinde numai pentru Persoane Fizice!<\/p>\n","protected":false},"excerpt":{"rendered":"<p>Forma dreptunghiular\u0103 \u0219i marginile ridicate a p\u0103tu\u021bului ofer\u0103 suficient spa\u021biu pentru c\u00e2ine sau pisic\u0103 c\u00e2t s\u0103 doarm\u0103 \u00een pozi\u021biile sale cele mai confortabile. P\u0103tu\u021b din material polyester de calitate. Produsul este recomandat pentru c\u00e2ini \u0219i pisici. Se recomand\u0103 doar sp\u0103larea manual\u0103! Animalul dvs. de companie va fi mul\u021bumit de aceast\u0103 decizie! Produsul este disponibil \u00een [&hellip;]<\/p>\n","protected":false},"featured_media":10849,"template":"","meta":[],"product_brand":[],"product_cat":[168,783,784,171],"product_tag":[725,781,788],"class_list":{"0":"post-4039","1":"product","2":"type-product","3":"status-publish","4":"has-post-thumbnail","6":"product_cat-caini","7":"product_cat-paturi-si-culcusuri","8":"product_cat-paturi-si-culcusuri-pisici","9":"product_cat-pisici","10":"product_tag-culcus-caine","11":"product_tag-culcus-caini","12":"product_tag-patut-caine","14":"first","15":"instock","16":"shipping-taxable","17":"purchasable","18":"product-type-simple"},"_links":{"self":[{"href":"https:\/\/faberpet.ro\/stage\/wp-json\/wp\/v2\/product\/4039","targetHints":{"allow":["GET"]}}],"collection":[{"href":"https:\/\/faberpet.ro\/stage\/wp-json\/wp\/v2\/product"}],"about":[{"href":"https:\/\/faberpet.ro\/stage\/wp-json\/wp\/v2\/types\/product"}],"wp:featuredmedia":[{"embeddable":true,"href":"https:\/\/faberpet.ro\/stage\/wp-json\/wp\/v2\/media\/10849"}],"wp:attachment":[{"href":"https:\/\/faberpet.ro\/stage\/wp-json\/wp\/v2\/media?parent=4039"}],"wp:term":[{"taxonomy":"product_brand","embeddable":true,"href":"https:\/\/faberpet.ro\/stage\/wp-json\/wp\/v2\/product_brand?post=4039"},{"taxonomy":"product_cat","embeddable":true,"href":"https:\/\/faberpet.ro\/stage\/wp-json\/wp\/v2\/product_cat?post=4039"},{"taxonomy":"product_tag","embeddable":true,"href":"https:\/\/faberpet.ro\/stage\/wp-json\/wp\/v2\/product_tag?post=4039"}],"curies":[{"name":"wp","href":"https:\/\/api.w.org\/{rel}","templated":true}]}}