{"id":4041,"date":"2024-10-21T20:31:40","date_gmt":"2024-10-21T17:31:40","guid":{"rendered":"https:\/\/faberpet.ro\/stage\/produs\/culcus-dreptunghiular-imblanit-423711-cm-marime-m\/"},"modified":"2025-08-01T11:15:57","modified_gmt":"2025-08-01T09:15:57","slug":"culcus-dreptunghiular-imblanit-423711-cm-marime-m","status":"publish","type":"product","link":"https:\/\/faberpet.ro\/stage\/produs\/culcus-dreptunghiular-imblanit-423711-cm-marime-m\/","title":{"rendered":"Culcus dreptunghiular imblanit 42*37*11 cm marime M"},"content":{"rendered":"<p>Culcu\u0219 pentru animale de companie cu c\u0103ptu\u0219eal\u0103 din blan\u0103 \u0219i c\u0103ptu\u0219eal\u0103 impermeabila la exterior. Partea de jos este antiderapant\u0103 pentru a \u021bine patul pe loc. Asigur\u0103 animalu\u021bului un mediu \u00een care acesta se poate relaxa \u00een voie. Ofer\u0103 o suprafa\u021b\u0103 de \u0219edere generoas\u0103. Produsul este recomandat pentru c\u00e2ini \u0219i pisici. U\u0219or de \u00eentre\u021binut, este lavabil la o temperatur\u0103 de max. 30\u00b0 C. Se recomand\u0103 doar sp\u0103larea manual\u0103! IMPORTANT: Acest produs este disponibil \u00een diverse culori, a\u0219adar nu putem garanta livrarea unei anumite culori. Compozi\u021bie: Exterior, interior \u0219i pernu\u021be: 100% poliester Dimensiuni: 42*37*11 cm<\/p>\n","protected":false},"excerpt":{"rendered":"<p>Culcu\u0219 pentru animale de companie cu c\u0103ptu\u0219eal\u0103 din blan\u0103 \u0219i c\u0103ptu\u0219eal\u0103 impermeabila la exterior. Partea de jos este antiderapant\u0103 pentru a \u021bine patul pe loc. Asigur\u0103 animalu\u021bului un mediu \u00een care acesta se poate relaxa \u00een voie. Ofer\u0103 o suprafa\u021b\u0103 de \u0219edere generoas\u0103. Produsul este recomandat pentru c\u00e2ini \u0219i pisici. U\u0219or de \u00eentre\u021binut, este lavabil [&hellip;]<\/p>\n","protected":false},"featured_media":8997,"template":"","meta":[],"product_brand":[],"product_cat":[168,783,784,171],"product_tag":[781,790,791],"class_list":{"0":"post-4041","1":"product","2":"type-product","3":"status-publish","4":"has-post-thumbnail","6":"product_cat-caini","7":"product_cat-paturi-si-culcusuri","8":"product_cat-paturi-si-culcusuri-pisici","9":"product_cat-pisici","10":"product_tag-culcus-caini","11":"product_tag-culcus-imblanit","12":"product_tag-culcus-pentru-animale","14":"first","15":"instock","16":"shipping-taxable","17":"purchasable","18":"product-type-simple"},"_links":{"self":[{"href":"https:\/\/faberpet.ro\/stage\/wp-json\/wp\/v2\/product\/4041","targetHints":{"allow":["GET"]}}],"collection":[{"href":"https:\/\/faberpet.ro\/stage\/wp-json\/wp\/v2\/product"}],"about":[{"href":"https:\/\/faberpet.ro\/stage\/wp-json\/wp\/v2\/types\/product"}],"wp:featuredmedia":[{"embeddable":true,"href":"https:\/\/faberpet.ro\/stage\/wp-json\/wp\/v2\/media\/8997"}],"wp:attachment":[{"href":"https:\/\/faberpet.ro\/stage\/wp-json\/wp\/v2\/media?parent=4041"}],"wp:term":[{"taxonomy":"product_brand","embeddable":true,"href":"https:\/\/faberpet.ro\/stage\/wp-json\/wp\/v2\/product_brand?post=4041"},{"taxonomy":"product_cat","embeddable":true,"href":"https:\/\/faberpet.ro\/stage\/wp-json\/wp\/v2\/product_cat?post=4041"},{"taxonomy":"product_tag","embeddable":true,"href":"https:\/\/faberpet.ro\/stage\/wp-json\/wp\/v2\/product_tag?post=4041"}],"curies":[{"name":"wp","href":"https:\/\/api.w.org\/{rel}","templated":true}]}}