{"id":4055,"date":"2024-10-21T20:31:42","date_gmt":"2024-10-21T17:31:42","guid":{"rendered":"https:\/\/faberpet.ro\/stage\/produs\/patut-rotund-imblanit-cu-diametru-45-54-62-cm\/"},"modified":"2025-08-01T11:17:57","modified_gmt":"2025-08-01T09:17:57","slug":"patut-rotund-imblanit-cu-diametru-45-54-62-cm","status":"publish","type":"product","link":"https:\/\/faberpet.ro\/stage\/produs\/patut-rotund-imblanit-cu-diametru-45-54-62-cm\/","title":{"rendered":"Patut rotund imblanit cu diametru 45, 54, 62 cm 3\/set"},"content":{"rendered":"<p>Forma rotund\u0103 a p\u0103tu\u021bului ofer\u0103 suficient spa\u021biu pentru c\u00e2ine c\u00e2t s\u0103 doarm\u0103 \u00een pozi\u021biile sale cele mai confortabile. Produsul este recomandat pentru c\u00e2ini \u0219i pisici. P\u0103tu\u021bul are o pern\u0103 deta\u0219abil\u0103;Se recomand\u0103 doar sp\u0103larea manual\u0103! Animalul dvs. de companie va fi mul\u021bumit de aceast\u0103 decizie! Compozi\u021bie: Exterior, interior \u0219i pernu\u021be: 100% poliester;Dimensiuni: S: 45*45*13 cm, M: 54*54*13 cm, L: 62*62*13 cm IMPORTANT: Acest produs este disponibil \u00een diverse culori, a\u0219adar nu putem garanta livrarea unei anumite culori. Se vinde ambalat c\u00e2te 3 buc\/set! Pre\u021bul afi\u0219at este per set!<\/p>\n","protected":false},"excerpt":{"rendered":"<p>Forma rotund\u0103 a p\u0103tu\u021bului ofer\u0103 suficient spa\u021biu pentru c\u00e2ine c\u00e2t s\u0103 doarm\u0103 \u00een pozi\u021biile sale cele mai confortabile. Produsul este recomandat pentru c\u00e2ini \u0219i pisici. P\u0103tu\u021bul are o pern\u0103 deta\u0219abil\u0103;Se recomand\u0103 doar sp\u0103larea manual\u0103! Animalul dvs. de companie va fi mul\u021bumit de aceast\u0103 decizie! Compozi\u021bie: Exterior, interior \u0219i pernu\u021be: 100% poliester;Dimensiuni: S: 45*45*13 cm, M: [&hellip;]<\/p>\n","protected":false},"featured_media":9002,"template":"","meta":[],"product_brand":[],"product_cat":[168,783,784,171],"product_tag":[781,793,792],"class_list":{"0":"post-4055","1":"product","2":"type-product","3":"status-publish","4":"has-post-thumbnail","6":"product_cat-caini","7":"product_cat-paturi-si-culcusuri","8":"product_cat-paturi-si-culcusuri-pisici","9":"product_cat-pisici","10":"product_tag-culcus-caini","11":"product_tag-paturi-si-culcusuri","12":"product_tag-patut-pentru-caini","14":"first","15":"instock","16":"shipping-taxable","17":"purchasable","18":"product-type-simple"},"_links":{"self":[{"href":"https:\/\/faberpet.ro\/stage\/wp-json\/wp\/v2\/product\/4055","targetHints":{"allow":["GET"]}}],"collection":[{"href":"https:\/\/faberpet.ro\/stage\/wp-json\/wp\/v2\/product"}],"about":[{"href":"https:\/\/faberpet.ro\/stage\/wp-json\/wp\/v2\/types\/product"}],"wp:featuredmedia":[{"embeddable":true,"href":"https:\/\/faberpet.ro\/stage\/wp-json\/wp\/v2\/media\/9002"}],"wp:attachment":[{"href":"https:\/\/faberpet.ro\/stage\/wp-json\/wp\/v2\/media?parent=4055"}],"wp:term":[{"taxonomy":"product_brand","embeddable":true,"href":"https:\/\/faberpet.ro\/stage\/wp-json\/wp\/v2\/product_brand?post=4055"},{"taxonomy":"product_cat","embeddable":true,"href":"https:\/\/faberpet.ro\/stage\/wp-json\/wp\/v2\/product_cat?post=4055"},{"taxonomy":"product_tag","embeddable":true,"href":"https:\/\/faberpet.ro\/stage\/wp-json\/wp\/v2\/product_tag?post=4055"}],"curies":[{"name":"wp","href":"https:\/\/api.w.org\/{rel}","templated":true}]}}