{"id":4059,"date":"2024-10-21T20:31:42","date_gmt":"2024-10-21T17:31:42","guid":{"rendered":"https:\/\/faberpet.ro\/stage\/produs\/culcus-sub-forma-de-perna-pufos-60-cm\/"},"modified":"2025-08-01T11:18:16","modified_gmt":"2025-08-01T09:18:16","slug":"culcus-sub-forma-de-perna-pufos-60-cm","status":"publish","type":"product","link":"https:\/\/faberpet.ro\/stage\/produs\/culcus-sub-forma-de-perna-pufos-60-cm\/","title":{"rendered":"Culcus sub forma de perna, pufos 60 cm"},"content":{"rendered":"<p>Forma rotund\u0103 de pern\u0103 a p\u0103tu\u021bului ofer\u0103 suficient spa\u021biu pentru c\u00e2ine c\u00e2t s\u0103 doarm\u0103 \u00een pozi\u021biile sale cele mai confortabile. Produsul este recomandat pentru c\u00e2ini;Din forma sa pern\u0103 se pot forma u\u0219or p\u0103tu\u021b cu un \u0219nur ajustabil;Se recomand\u0103 doar sp\u0103larea manual\u0103! Animalul dvs. de companie va fi mul\u021bumit de aceast\u0103 decizie! Disponibil\u0103 \u00een diferite culori;Compozi\u021bie: Exterior, interior: 100% poliester<\/p>\n","protected":false},"excerpt":{"rendered":"<p>Forma rotund\u0103 de pern\u0103 a p\u0103tu\u021bului ofer\u0103 suficient spa\u021biu pentru c\u00e2ine c\u00e2t s\u0103 doarm\u0103 \u00een pozi\u021biile sale cele mai confortabile. Produsul este recomandat pentru c\u00e2ini;Din forma sa pern\u0103 se pot forma u\u0219or p\u0103tu\u021b cu un \u0219nur ajustabil;Se recomand\u0103 doar sp\u0103larea manual\u0103! Animalul dvs. de companie va fi mul\u021bumit de aceast\u0103 decizie! Disponibil\u0103 \u00een diferite culori;Compozi\u021bie: [&hellip;]<\/p>\n","protected":false},"featured_media":9003,"template":"","meta":[],"product_brand":[],"product_cat":[168,783],"product_tag":[795,796,797],"class_list":{"0":"post-4059","1":"product","2":"type-product","3":"status-publish","4":"has-post-thumbnail","6":"product_cat-caini","7":"product_cat-paturi-si-culcusuri","8":"product_tag-culcusuri-pentru-caini","9":"product_tag-paturi-caini-ieftine","10":"product_tag-paturi-si-cosuri","12":"first","13":"instock","14":"shipping-taxable","15":"purchasable","16":"product-type-simple"},"_links":{"self":[{"href":"https:\/\/faberpet.ro\/stage\/wp-json\/wp\/v2\/product\/4059","targetHints":{"allow":["GET"]}}],"collection":[{"href":"https:\/\/faberpet.ro\/stage\/wp-json\/wp\/v2\/product"}],"about":[{"href":"https:\/\/faberpet.ro\/stage\/wp-json\/wp\/v2\/types\/product"}],"wp:featuredmedia":[{"embeddable":true,"href":"https:\/\/faberpet.ro\/stage\/wp-json\/wp\/v2\/media\/9003"}],"wp:attachment":[{"href":"https:\/\/faberpet.ro\/stage\/wp-json\/wp\/v2\/media?parent=4059"}],"wp:term":[{"taxonomy":"product_brand","embeddable":true,"href":"https:\/\/faberpet.ro\/stage\/wp-json\/wp\/v2\/product_brand?post=4059"},{"taxonomy":"product_cat","embeddable":true,"href":"https:\/\/faberpet.ro\/stage\/wp-json\/wp\/v2\/product_cat?post=4059"},{"taxonomy":"product_tag","embeddable":true,"href":"https:\/\/faberpet.ro\/stage\/wp-json\/wp\/v2\/product_tag?post=4059"}],"curies":[{"name":"wp","href":"https:\/\/api.w.org\/{rel}","templated":true}]}}